{"id":1944,"date":"2024-05-13T16:10:21","date_gmt":"2024-05-13T16:10:21","guid":{"rendered":"https:\/\/www.d-paideia.eu\/center-for-creative-training-association-ccta\/"},"modified":"2024-05-13T16:10:21","modified_gmt":"2024-05-13T16:10:21","slug":"center-for-creative-training-association-ccta","status":"publish","type":"page","link":"https:\/\/www.d-paideia.eu\/it\/center-for-creative-training-association-ccta\/","title":{"rendered":"CENTER FOR CREATIVE TRAINING ASSOCIATION (CCTA)"},"content":{"rendered":"<p>[et_pb_section fb_built=&#8221;1&#8243; admin_label=&#8221;About&#8221; _builder_version=&#8221;4.16&#8243; _module_preset=&#8221;default&#8221; global_colors_info=&#8221;{}&#8221; locked=&#8221;off&#8221; theme_builder_area=&#8221;post_content&#8221;][et_pb_row column_structure=&#8221;3_4,1_4&#8243; _builder_version=&#8221;4.21.0&#8243; _module_preset=&#8221;default&#8221; max_width=&#8221;1200px&#8221; custom_css_main_element=&#8221;display: flex;||flex-direction: row;||justify-content: center;&#8221; global_colors_info=&#8221;{}&#8221; theme_builder_area=&#8221;post_content&#8221;][et_pb_column type=&#8221;3_4&#8243; _builder_version=&#8221;4.17.4&#8243; _module_preset=&#8221;default&#8221; custom_padding=&#8221;||||false|false&#8221; custom_padding_tablet=&#8221;0vw||5vw||false|false&#8221; custom_padding_phone=&#8221;&#8221; custom_padding_last_edited=&#8221;on|desktop&#8221; global_colors_info=&#8221;{}&#8221; theme_builder_area=&#8221;post_content&#8221;][et_pb_post_title meta=&#8221;off&#8221; featured_image=&#8221;off&#8221; _builder_version=&#8221;4.21.0&#8243; _module_preset=&#8221;default&#8221; title_font=&#8221;Candal|700|||||||&#8221; title_text_color=&#8221;#e55531&#8243; title_font_size=&#8221;50px&#8221; title_line_height=&#8221;1.8em&#8221; global_colors_info=&#8221;{}&#8221; theme_builder_area=&#8221;post_content&#8221;][\/et_pb_post_title][et_pb_image src=&#8221;http:\/\/www.d-paideia.eu\/wp-content\/uploads\/2023\/05\/online-classroom-03.png&#8221; title_text=&#8221;online-classroom-03&#8243; _builder_version=&#8221;4.16&#8243; _module_preset=&#8221;default&#8221; global_colors_info=&#8221;{}&#8221; theme_builder_area=&#8221;post_content&#8221;][\/et_pb_image][et_pb_text _builder_version=&#8221;4.21.0&#8243; _module_preset=&#8221;0ad39c0a-2960-48b3-a197-cb5d910e17ab&#8221; text_font=&#8221;Montserrat|500|||||||&#8221; text_text_color=&#8221;rgba(0,0,0,0.6)&#8221; text_font_size=&#8221;16px&#8221; text_line_height=&#8221;1.8em&#8221; hover_enabled=&#8221;0&#8243; text_font_size_tablet=&#8221;15px&#8221; text_font_size_phone=&#8221;14px&#8221; text_font_size_last_edited=&#8221;on|desktop&#8221; global_colors_info=&#8221;{}&#8221; theme_builder_area=&#8221;post_content&#8221; sticky_enabled=&#8221;0&#8243;]<\/p>\n<p><b>Center for Creative Training Association (CCTA)<span> <\/span><\/b><span>\u00e8 un&#8217;organizzazione no-profit fondata nel 2008 a Sofia, in Bulgaria. Il suo obiettivo \u00e8 quello di realizzare iniziative che contribuiscano a un cambiamento effettivo nel campo dell&#8217;istruzione e della formazione &#8211; un cambiamento verso un&#8217;educazione pratica, che padroneggi efficacemente le competenze chiave e aiuti gli studenti a migliorare il loro potenziale per una realizzazione professionale e sociale di successo. Le attivit\u00e0 della CCTA si concentrano sull&#8217;apprendimento permanente, sulla formazione in servizio degli insegnanti e sulle iniziative per i giovani. CCTA collabora con tutte le organizzazioni educative nel settore dell&#8217;istruzione tradizionale, dal livello prescolare a quello superiore, comprese le scuole superiori professionali. Offre corsi di qualificazione per insegnanti delle scuole elementari, medie e superiori in base a programmi approvati e riconosciuti dal Ministero bulgaro dell&#8217;Istruzione e della Scienza (in conformit\u00e0 con la legislazione bulgara). Pi\u00f9 di 8000 insegnanti sono stati formati attraverso brevi corsi di qualificazione dai formatori del Centro. Le nostre attivit\u00e0 nel campo della formazione di pedagogisti e altri specialisti sono certificate ISO 9001:2015. The short-term courses we provide to educators cover topics such as: School in the cloud; Virtual and augmented reality in the learning environment; Design and deployment of ICT; Tools for attractive education; Workshop for innovative educational practices; Developing presentation skills, and others. I corsi a breve termine che vengono offerti agli educatori coprono argomenti quali: Scuola nel cloud; Realt\u00e0 virtuale e aumentata nell&#8217;ambiente di apprendimento; Progettazione e implementazione delle TIC; Strumenti per un&#8217;educazione attraente; Workshop per pratiche educative innovative; Sviluppo delle capacit\u00e0 di presentazione e altri. Parte di ogni formazione relativa alle TIC \u00e8 il tema dell&#8217;uso significativo delle <\/span><span>tecnologie nell&#8217;ambiente educativo. CCTA collabora con le scuole per aiutarle a realizzare una trasformazione educativa attraverso le tecnologie nell&#8217;amministrazione scolastica e nel processo di insegnamento, nonch\u00e9 attraverso la modernizzazione dell&#8217;infrastruttura tecnologica scolastica. Il CCTA \u00e8 membro della Comunit\u00e0 di Pratica DigComp, \u00e8 impegnato in consultazioni pubbliche e contribuisce al processo di revisione di DigComp 2.2. \u00c8 inoltre coordinatore di un progetto Erasmus+ KA3 Policy Innovation<\/span><a href=\"https:\/\/seeval-project.eu\/\"><span>https:\/\/seeval-project.eu\/<\/span> <span>)<\/span><\/a><span>che mira a sviluppare l&#8217;apprendimento sociale ed emotivo degli insegnanti a scuola.<\/span><\/p>\n<p>[\/et_pb_text][\/et_pb_column][et_pb_column type=&#8221;1_4&#8243; _builder_version=&#8221;4.21.0&#8243; _module_preset=&#8221;default&#8221; custom_css_main_element=&#8221;display: flex;||flex-direction: column;||justify-content: center;&#8221; global_colors_info=&#8221;{}&#8221; theme_builder_area=&#8221;post_content&#8221;][et_pb_image src=&#8221;http:\/\/www.d-paideia.eu\/wp-content\/uploads\/2023\/05\/logo-CCT-184&#215;80-1.png&#8221; align=&#8221;center&#8221; _builder_version=&#8221;4.21.0&#8243; _module_preset=&#8221;default&#8221; custom_margin=&#8221;||||false|false&#8221; hover_enabled=&#8221;0&#8243; global_colors_info=&#8221;{}&#8221; theme_builder_area=&#8221;post_content&#8221; title_text=&#8221;logo-CCT-184&#215;80&#8243; sticky_enabled=&#8221;0&#8243;][\/et_pb_image][et_pb_text _builder_version=&#8221;4.17.4&#8243; _module_preset=&#8221;0ad39c0a-2960-48b3-a197-cb5d910e17ab&#8221; global_colors_info=&#8221;{}&#8221; theme_builder_area=&#8221;post_content&#8221;]<\/p>\n<h3 style=\"text-align: center;\">Learn more about us:<\/h3>\n<p>[\/et_pb_text][et_pb_button button_url=&#8221;https:\/\/cct.bg\/english\/&#8221; button_text=&#8221;Website&#8221; button_alignment=&#8221;center&#8221; _builder_version=&#8221;4.21.0&#8243; _module_preset=&#8221;default&#8221; custom_button=&#8221;on&#8221; button_text_size=&#8221;14px&#8221; button_text_color=&#8221;#FFFFFF&#8221; button_bg_color=&#8221;#e55531&#8243; button_border_width=&#8221;0px&#8221; button_border_radius=&#8221;0px&#8221; button_font=&#8221;Candal||||||||&#8221; button_icon=&#8221;E||divi||400&#8243; custom_padding=&#8221;14px|30px|14px|30px|true|true&#8221; custom_padding_tablet=&#8221;&#8221; custom_padding_phone=&#8221;|30px||30px|true|true&#8221; custom_padding_last_edited=&#8221;on|phone&#8221; hover_enabled=&#8221;0&#8243; button_text_size_tablet=&#8221;16px&#8221; button_text_size_phone=&#8221;14px&#8221; button_text_size_last_edited=&#8221;on|desktop&#8221; global_colors_info=&#8221;{}&#8221; theme_builder_area=&#8221;post_content&#8221; sticky_enabled=&#8221;0&#8243;][\/et_pb_button][et_pb_button button_url=&#8221;http:\/\/www.d-paideia.eu\/centar-za-tvorchesko-obuchenie\/&#8221; url_new_window=&#8221;on&#8221; button_text=&#8221;Facebook&#8221; button_alignment=&#8221;center&#8221; disabled_on=&#8221;off|off|off&#8221; _builder_version=&#8221;4.21.0&#8243; _module_preset=&#8221;default&#8221; custom_button=&#8221;on&#8221; button_text_size=&#8221;14px&#8221; button_text_color=&#8221;#FFFFFF&#8221; button_bg_color=&#8221;#e55531&#8243; button_border_width=&#8221;0px&#8221; button_border_radius=&#8221;0px&#8221; button_font=&#8221;Candal||||||||&#8221; button_icon=&#8221;E||divi||400&#8243; custom_padding=&#8221;14px|24px|14px|24px|true|true&#8221; custom_padding_tablet=&#8221;&#8221; custom_padding_phone=&#8221;|30px||30px|true|true&#8221; custom_padding_last_edited=&#8221;on|phone&#8221; hover_enabled=&#8221;0&#8243; button_text_size_tablet=&#8221;16px&#8221; button_text_size_phone=&#8221;14px&#8221; button_text_size_last_edited=&#8221;on|desktop&#8221; box_shadow_style=&#8221;preset3&#8243; global_colors_info=&#8221;{}&#8221; theme_builder_area=&#8221;post_content&#8221; sticky_enabled=&#8221;0&#8243;][\/et_pb_button][\/et_pb_column][\/et_pb_row][\/et_pb_section]<\/p>\n","protected":false},"excerpt":{"rendered":"<p>Center for Creative Training Association (CCTA) \u00e8 un&#8217;organizzazione no-profit fondata nel 2008 a Sofia, in Bulgaria. Il suo obiettivo \u00e8 quello di realizzare iniziative che contribuiscano a un cambiamento effettivo nel campo dell&#8217;istruzione e della formazione &#8211; un cambiamento verso un&#8217;educazione pratica, che padroneggi efficacemente le competenze chiave e aiuti gli studenti a migliorare il [&hellip;]<\/p>\n","protected":false},"author":1,"featured_media":0,"parent":0,"menu_order":0,"comment_status":"closed","ping_status":"closed","template":"","meta":{"_acf_changed":false,"_et_pb_use_builder":"on","_et_pb_old_content":"","_et_gb_content_width":"","footnotes":""},"class_list":["post-1944","page","type-page","status-publish","hentry"],"acf":[],"_links":{"self":[{"href":"https:\/\/www.d-paideia.eu\/it\/wp-json\/wp\/v2\/pages\/1944","targetHints":{"allow":["GET"]}}],"collection":[{"href":"https:\/\/www.d-paideia.eu\/it\/wp-json\/wp\/v2\/pages"}],"about":[{"href":"https:\/\/www.d-paideia.eu\/it\/wp-json\/wp\/v2\/types\/page"}],"author":[{"embeddable":true,"href":"https:\/\/www.d-paideia.eu\/it\/wp-json\/wp\/v2\/users\/1"}],"replies":[{"embeddable":true,"href":"https:\/\/www.d-paideia.eu\/it\/wp-json\/wp\/v2\/comments?post=1944"}],"version-history":[{"count":0,"href":"https:\/\/www.d-paideia.eu\/it\/wp-json\/wp\/v2\/pages\/1944\/revisions"}],"wp:attachment":[{"href":"https:\/\/www.d-paideia.eu\/it\/wp-json\/wp\/v2\/media?parent=1944"}],"curies":[{"name":"wp","href":"https:\/\/api.w.org\/{rel}","templated":true}]}}