{"id":1454,"date":"2023-08-23T10:24:36","date_gmt":"2023-08-23T10:24:36","guid":{"rendered":"https:\/\/www.d-paideia.eu\/raccomandazioni-politiche\/"},"modified":"2023-08-23T10:24:36","modified_gmt":"2023-08-23T10:24:36","slug":"raccomandazioni-politiche","status":"publish","type":"page","link":"https:\/\/www.d-paideia.eu\/it\/raccomandazioni-politiche\/","title":{"rendered":"RACCOMANDAZIONI POLITICHE"},"content":{"rendered":"<p>[et_pb_section fb_built=&#8221;1&#8243; _builder_version=&#8221;4.21.0&#8243; _module_preset=&#8221;default&#8221; global_colors_info=&#8221;{}&#8221;][et_pb_row _builder_version=&#8221;4.21.0&#8243; _module_preset=&#8221;default&#8221; max_width=&#8221;1200px&#8221; global_colors_info=&#8221;{}&#8221;][et_pb_column type=&#8221;4_4&#8243; _builder_version=&#8221;4.21.0&#8243; _module_preset=&#8221;default&#8221; global_colors_info=&#8221;{}&#8221;][et_pb_text _builder_version=&#8221;4.21.0&#8243; _module_preset=&#8221;default&#8221; text_font_size=&#8221;18px&#8221; max_width=&#8221;860px&#8221; text_font_size_tablet=&#8221;16px&#8221; text_font_size_phone=&#8221;14px&#8221; text_font_size_last_edited=&#8221;on|desktop&#8221; header_font_phone=&#8221;|800|||||||&#8221; header_font_last_edited=&#8221;off|phone&#8221; header_font_size_tablet=&#8221;32px&#8221; header_font_size_phone=&#8221;26px&#8221; header_font_size_last_edited=&#8221;on|phone&#8221; global_colors_info=&#8221;{}&#8221;]<\/p>\n<h1>RACCOMANDAZIONI POLITICHE<\/h1>\n<p>[\/et_pb_text][et_pb_image src=&#8221;http:\/\/www.d-paideia.eu\/wp-content\/uploads\/2023\/05\/online-classroom-24.png&#8221; title_text=&#8221;online-classroom-24&#8243; _builder_version=&#8221;4.21.0&#8243; _module_preset=&#8221;default&#8221; global_colors_info=&#8221;{}&#8221;][\/et_pb_image][\/et_pb_column][\/et_pb_row][et_pb_row column_structure=&#8221;3_5,2_5&#8243; _builder_version=&#8221;4.21.0&#8243; _module_preset=&#8221;default&#8221; max_width=&#8221;1200px&#8221; hover_enabled=&#8221;0&#8243; global_colors_info=&#8221;{}&#8221; sticky_enabled=&#8221;0&#8243;][et_pb_column type=&#8221;3_5&#8243; _builder_version=&#8221;4.21.0&#8243; _module_preset=&#8221;default&#8221; background_image=&#8221;http:\/\/www.d-paideia.eu\/wp-content\/uploads\/2023\/05\/online-classroom-22.jpg&#8221; custom_padding=&#8221;50px|50px|50px|50px|true|true&#8221; custom_css_main_element=&#8221;box-shadow: 2.6654322147369385px 2.6654322147369385px 2.6654322147369385px 0px rgba(0, 0, 0, 0.20);&#8221; border_radii=&#8221;on|20px|20px|20px|20px&#8221; global_colors_info=&#8221;{}&#8221;][et_pb_text _builder_version=&#8221;4.21.0&#8243; _module_preset=&#8221;default&#8221; text_text_color=&#8221;#202020&#8243; text_line_height=&#8221;2em&#8221; max_width=&#8221;860px&#8221; text_font_size_tablet=&#8221;16px&#8221; text_font_size_phone=&#8221;14px&#8221; text_font_size_last_edited=&#8221;on|desktop&#8221; header_font_phone=&#8221;|800|||||||&#8221; header_font_last_edited=&#8221;off|phone&#8221; header_font_size_tablet=&#8221;32px&#8221; header_font_size_phone=&#8221;26px&#8221; header_font_size_last_edited=&#8221;on|phone&#8221; global_colors_info=&#8221;{}&#8221;]<\/p>\n<p><strong>Al termine del progetto<\/strong>, il consorzio rediger\u00e0 un documento di raccomandazioni politiche basato sulle lezioni apprese dal progetto e che illustrer\u00e0 tutte le attivit\u00e0, le sfide, le metodologie, gli ostacoli, ecc. Questo documento sar\u00e0 trasmesso alle istituzioni locali e nazionali, alla Commissione europea e pubblicato online.<\/p>\n<p><strong>Il documento finale di raccomandazione<\/strong> politica aiuter\u00e0 anche chiunque ricerchi questo argomento o altri correlati ad acquisire un apprendimento di prima mano, poich\u00e9 tutto ci\u00f2 che verr\u00e0 pubblicato attraverso questo progetto sar\u00e0 in un linguaggio facile da capire e gratuito. La raccomandazione politica guider\u00e0 su come sviluppare e utilizzare il modello di cyber-animazione e diffondere questo modello a livello politico per migliorare la partecipazione dei giovani alle istituzioni locali.<\/p>\n<p>I <strong>responsabili delle politiche<\/strong> a tutti i livelli saranno coinvolti fin dall&#8217;inizio del progetto nelle varie attivit\u00e0 per garantire che il progetto abbia un impatto a livello sistemico. Saranno coinvolti in conferenze politiche, saranno sviluppate e seguite raccomandazioni politiche, ecc. La composizione del consorzio garantisce un buon accesso al livello politico.<\/p>\n<p>[\/et_pb_text][\/et_pb_column][et_pb_column type=&#8221;2_5&#8243; _builder_version=&#8221;4.21.0&#8243; _module_preset=&#8221;default&#8221; global_colors_info=&#8221;{}&#8221; custom_css_main_element=&#8221;box-shadow: 2.6654322147369385px 2.6654322147369385px 2.6654322147369385px 0px rgba(0, 0, 0, 0.20);&#8221; border_radii=&#8221;on|20px|20px|20px|20px&#8221;][et_pb_image src=&#8221;http:\/\/www.d-paideia.eu\/wp-content\/uploads\/2023\/08\/pexels-julia-m-cameron-4144097-scaled.jpg&#8221; _builder_version=&#8221;4.21.0&#8243; _module_preset=&#8221;default&#8221; title_text=&#8221;pexels-julia-m-cameron-4144097&#8243; hover_enabled=&#8221;0&#8243; sticky_enabled=&#8221;0&#8243;][\/et_pb_image][\/et_pb_column][\/et_pb_row][\/et_pb_section]<\/p>\n","protected":false},"excerpt":{"rendered":"<p>RACCOMANDAZIONI POLITICHEAl termine del progetto, il consorzio rediger\u00e0 un documento di raccomandazioni politiche basato sulle lezioni apprese dal progetto e che illustrer\u00e0 tutte le attivit\u00e0, le sfide, le metodologie, gli ostacoli, ecc. Questo documento sar\u00e0 trasmesso alle istituzioni locali e nazionali, alla Commissione europea e pubblicato online. Il documento finale di raccomandazione politica aiuter\u00e0 anche [&hellip;]<\/p>\n","protected":false},"author":1,"featured_media":0,"parent":0,"menu_order":0,"comment_status":"closed","ping_status":"closed","template":"","meta":{"_acf_changed":false,"_et_pb_use_builder":"on","_et_pb_old_content":"","_et_gb_content_width":"","footnotes":""},"class_list":["post-1454","page","type-page","status-publish","hentry"],"acf":[],"_links":{"self":[{"href":"https:\/\/www.d-paideia.eu\/it\/wp-json\/wp\/v2\/pages\/1454","targetHints":{"allow":["GET"]}}],"collection":[{"href":"https:\/\/www.d-paideia.eu\/it\/wp-json\/wp\/v2\/pages"}],"about":[{"href":"https:\/\/www.d-paideia.eu\/it\/wp-json\/wp\/v2\/types\/page"}],"author":[{"embeddable":true,"href":"https:\/\/www.d-paideia.eu\/it\/wp-json\/wp\/v2\/users\/1"}],"replies":[{"embeddable":true,"href":"https:\/\/www.d-paideia.eu\/it\/wp-json\/wp\/v2\/comments?post=1454"}],"version-history":[{"count":0,"href":"https:\/\/www.d-paideia.eu\/it\/wp-json\/wp\/v2\/pages\/1454\/revisions"}],"wp:attachment":[{"href":"https:\/\/www.d-paideia.eu\/it\/wp-json\/wp\/v2\/media?parent=1454"}],"curies":[{"name":"wp","href":"https:\/\/api.w.org\/{rel}","templated":true}]}}