{"id":1445,"date":"2023-08-23T10:34:35","date_gmt":"2023-08-23T10:34:35","guid":{"rendered":"https:\/\/www.d-paideia.eu\/la-valutazione\/"},"modified":"2023-08-23T10:34:35","modified_gmt":"2023-08-23T10:34:35","slug":"la-valutazione","status":"publish","type":"page","link":"https:\/\/www.d-paideia.eu\/it\/la-valutazione\/","title":{"rendered":"La valutazione"},"content":{"rendered":"<p>[et_pb_section fb_built=&#8221;1&#8243; _builder_version=&#8221;4.21.0&#8243; _module_preset=&#8221;default&#8221; global_colors_info=&#8221;{}&#8221;][et_pb_row _builder_version=&#8221;4.21.0&#8243; _module_preset=&#8221;default&#8221; max_width=&#8221;1200px&#8221; global_colors_info=&#8221;{}&#8221;][et_pb_column type=&#8221;4_4&#8243; _builder_version=&#8221;4.21.0&#8243; _module_preset=&#8221;default&#8221; global_colors_info=&#8221;{}&#8221;][et_pb_text _builder_version=&#8221;4.21.0&#8243; _module_preset=&#8221;default&#8221; global_colors_info=&#8221;{}&#8221;]<\/p>\n<h1>La valutazione<\/h1>\n<p>La garanzia della qualit\u00e0 nell&#8217;ambito della gestione e della valutazione del processo mirer\u00e0 al miglioramento partecipativo della qualit\u00e0 (processo) e dell&#8217;efficacia complessiva (risultato) con diversi obiettivi. La valutazione della pertinenza misurer\u00e0 il grado di risposta ai bisogni\/problemi dei gruppi target.<\/p>\n<p>[\/et_pb_text][\/et_pb_column][\/et_pb_row][et_pb_row column_structure=&#8221;3_5,2_5&#8243; _builder_version=&#8221;4.21.0&#8243; _module_preset=&#8221;default&#8221; max_width=&#8221;1200px&#8221; custom_padding=&#8221;||||false|false&#8221; hover_enabled=&#8221;0&#8243; global_colors_info=&#8221;{}&#8221; sticky_enabled=&#8221;0&#8243;][et_pb_column type=&#8221;3_5&#8243; _builder_version=&#8221;4.21.0&#8243; _module_preset=&#8221;default&#8221; background_image=&#8221;http:\/\/www.d-paideia.eu\/wp-content\/uploads\/2023\/05\/online-classroom-22.jpg&#8221; custom_padding=&#8221;25px|25px|25px|25px|true|true&#8221; hover_enabled=&#8221;0&#8243; custom_css_main_element=&#8221;box-shadow: 2.6654322147369385px 2.6654322147369385px 2.6654322147369385px 0px rgba(0, 0, 0, 0.20);&#8221; border_radii=&#8221;on|20px|20px|20px|20px&#8221; global_colors_info=&#8221;{}&#8221; sticky_enabled=&#8221;0&#8243;][et_pb_text _builder_version=&#8221;4.21.0&#8243; _module_preset=&#8221;default&#8221; text_text_color=&#8221;#202020&#8243; text_font_size=&#8221;22px&#8221; text_line_height=&#8221;2em&#8221; global_colors_info=&#8221;{}&#8221;]<\/p>\n<p>I seguenti metodi saranno utilizzati per ottenere dati per i processi di garanzia della qualit\u00e0:<\/p>\n<p>[\/et_pb_text][et_pb_blurb image=&#8221;http:\/\/www.d-paideia.eu\/wp-content\/uploads\/2023\/08\/check-mark.png&#8221; icon_placement=&#8221;left&#8221; image_icon_width=&#8221;80%&#8221; content_max_width=&#8221;100%&#8221; _builder_version=&#8221;4.21.0&#8243; _module_preset=&#8221;default&#8221; body_font=&#8221;||||||||&#8221; body_text_color=&#8221;#202020&#8243; body_font_size=&#8221;20px&#8221; max_width=&#8221;1088px&#8221; custom_margin=&#8221;||10px||false|false&#8221; body_font_size_tablet=&#8221;16px&#8221; body_font_size_phone=&#8221;14px&#8221; body_font_size_last_edited=&#8221;on|phone&#8221; global_colors_info=&#8221;{}&#8221;]<\/p>\n<p>interviste individuali\/di gruppo con team di partner\/beneficiari\/partner associati\/stakeholder<\/p>\n<p>[\/et_pb_blurb][et_pb_blurb image=&#8221;http:\/\/www.d-paideia.eu\/wp-content\/uploads\/2023\/08\/check-mark.png&#8221; icon_placement=&#8221;left&#8221; image_icon_width=&#8221;80%&#8221; content_max_width=&#8221;100%&#8221; _builder_version=&#8221;4.21.0&#8243; _module_preset=&#8221;default&#8221; body_font=&#8221;||||||||&#8221; body_text_color=&#8221;#202020&#8243; body_font_size=&#8221;20px&#8221; max_width=&#8221;1088px&#8221; custom_margin=&#8221;||10px||false|false&#8221; body_font_size_tablet=&#8221;16px&#8221; body_font_size_phone=&#8221;14px&#8221; body_font_size_last_edited=&#8221;on|phone&#8221; global_colors_info=&#8221;{}&#8221;]<\/p>\n<p>focus group con i rappresentanti dei gruppi target prima dell&#8217;inizio dell&#8217;implementazione<\/p>\n<p>[\/et_pb_blurb][et_pb_blurb image=&#8221;http:\/\/www.d-paideia.eu\/wp-content\/uploads\/2023\/08\/check-mark.png&#8221; icon_placement=&#8221;left&#8221; image_icon_width=&#8221;80%&#8221; content_max_width=&#8221;100%&#8221; _builder_version=&#8221;4.21.0&#8243; _module_preset=&#8221;default&#8221; body_font=&#8221;||||||||&#8221; body_text_color=&#8221;#202020&#8243; body_font_size=&#8221;20px&#8221; max_width=&#8221;1088px&#8221; custom_margin=&#8221;||10px||false|false&#8221; body_font_size_tablet=&#8221;16px&#8221; body_font_size_phone=&#8221;14px&#8221; body_font_size_last_edited=&#8221;on|phone&#8221; global_colors_info=&#8221;{}&#8221;]<\/p>\n<p>osservazioni dei partecipanti alle attivit\u00e0 in classe<\/p>\n<p>[\/et_pb_blurb][et_pb_blurb image=&#8221;http:\/\/www.d-paideia.eu\/wp-content\/uploads\/2023\/08\/check-mark.png&#8221; icon_placement=&#8221;left&#8221; image_icon_width=&#8221;80%&#8221; content_max_width=&#8221;100%&#8221; _builder_version=&#8221;4.21.0&#8243; _module_preset=&#8221;default&#8221; body_font=&#8221;||||||||&#8221; body_text_color=&#8221;#202020&#8243; body_font_size=&#8221;20px&#8221; max_width=&#8221;1088px&#8221; custom_margin=&#8221;||10px||false|false&#8221; body_font_size_tablet=&#8221;16px&#8221; body_font_size_phone=&#8221;14px&#8221; body_font_size_last_edited=&#8221;on|phone&#8221; global_colors_info=&#8221;{}&#8221;]<\/p>\n<p>sondaggio online applicato come valutazione di base e di esito su temi selezionati, relativi agli indicatori di valutazione<\/p>\n<p>[\/et_pb_blurb][et_pb_blurb image=&#8221;http:\/\/www.d-paideia.eu\/wp-content\/uploads\/2023\/08\/check-mark.png&#8221; icon_placement=&#8221;left&#8221; image_icon_width=&#8221;80%&#8221; content_max_width=&#8221;100%&#8221; _builder_version=&#8221;4.21.0&#8243; _module_preset=&#8221;default&#8221; body_font=&#8221;||||||||&#8221; body_text_color=&#8221;#202020&#8243; body_font_size=&#8221;20px&#8221; max_width=&#8221;1088px&#8221; custom_margin=&#8221;||10px||false|false&#8221; body_font_size_tablet=&#8221;16px&#8221; body_font_size_phone=&#8221;14px&#8221; body_font_size_last_edited=&#8221;on|phone&#8221; global_colors_info=&#8221;{}&#8221;]<\/p>\n<p>piccola indagine: relativa agli indicatori di impatto<\/p>\n<p>[\/et_pb_blurb][et_pb_text _builder_version=&#8221;4.21.0&#8243; _module_preset=&#8221;default&#8221; text_text_color=&#8221;#202020&#8243; text_font_size=&#8221;22px&#8221; text_line_height=&#8221;1.8em&#8221; max_width=&#8221;1088px&#8221; custom_margin=&#8221;||10px||false|false&#8221; global_colors_info=&#8221;{}&#8221; body_font_size_tablet=&#8221;16px&#8221; body_font_size_phone=&#8221;14px&#8221; body_font_size_last_edited=&#8221;on|phone&#8221;]<\/p>\n<p>La valutazione sar\u00e0 condotta nello spirito della ricerca e della valutazione partecipativa e mirer\u00e0 alla comprensione e all&#8217;appropriazione condivisa dei risultati del progetto e a un forte impegno per la loro diffusione.<\/p>\n<p>[\/et_pb_text][\/et_pb_column][et_pb_column type=&#8221;2_5&#8243; _builder_version=&#8221;4.21.0&#8243; _module_preset=&#8221;default&#8221; hover_enabled=&#8221;0&#8243; global_colors_info=&#8221;{}&#8221; custom_css_main_element=&#8221;box-shadow: 2.6654322147369385px 2.6654322147369385px 2.6654322147369385px 0px rgba(0, 0, 0, 0.20);&#8221; border_radii=&#8221;on|20px|20px|20px|20px&#8221; sticky_enabled=&#8221;0&#8243;][et_pb_image src=&#8221;http:\/\/www.d-paideia.eu\/wp-content\/uploads\/2023\/08\/pexels-alena-darmel-7742825-scaled.jpg&#8221; _builder_version=&#8221;4.21.0&#8243; _module_preset=&#8221;default&#8221; title_text=&#8221;pexels-alena-darmel-7742825&#8243; hover_enabled=&#8221;0&#8243; sticky_enabled=&#8221;0&#8243;][\/et_pb_image][\/et_pb_column][\/et_pb_row][\/et_pb_section]<\/p>\n","protected":false},"excerpt":{"rendered":"<p>La valutazione La garanzia della qualit\u00e0 nell&#8217;ambito della gestione e della valutazione del processo mirer\u00e0 al miglioramento partecipativo della qualit\u00e0 (processo) e dell&#8217;efficacia complessiva (risultato) con diversi obiettivi. La valutazione della pertinenza misurer\u00e0 il grado di risposta ai bisogni\/problemi dei gruppi target.I seguenti metodi saranno utilizzati per ottenere dati per i processi di garanzia della [&hellip;]<\/p>\n","protected":false},"author":1,"featured_media":0,"parent":0,"menu_order":0,"comment_status":"closed","ping_status":"closed","template":"","meta":{"_acf_changed":false,"_et_pb_use_builder":"on","_et_pb_old_content":"","_et_gb_content_width":"","footnotes":""},"class_list":["post-1445","page","type-page","status-publish","hentry"],"acf":[],"_links":{"self":[{"href":"https:\/\/www.d-paideia.eu\/it\/wp-json\/wp\/v2\/pages\/1445","targetHints":{"allow":["GET"]}}],"collection":[{"href":"https:\/\/www.d-paideia.eu\/it\/wp-json\/wp\/v2\/pages"}],"about":[{"href":"https:\/\/www.d-paideia.eu\/it\/wp-json\/wp\/v2\/types\/page"}],"author":[{"embeddable":true,"href":"https:\/\/www.d-paideia.eu\/it\/wp-json\/wp\/v2\/users\/1"}],"replies":[{"embeddable":true,"href":"https:\/\/www.d-paideia.eu\/it\/wp-json\/wp\/v2\/comments?post=1445"}],"version-history":[{"count":0,"href":"https:\/\/www.d-paideia.eu\/it\/wp-json\/wp\/v2\/pages\/1445\/revisions"}],"wp:attachment":[{"href":"https:\/\/www.d-paideia.eu\/it\/wp-json\/wp\/v2\/media?parent=1445"}],"curies":[{"name":"wp","href":"https:\/\/api.w.org\/{rel}","templated":true}]}}