{"id":1945,"date":"2024-05-13T16:10:21","date_gmt":"2024-05-13T16:10:21","guid":{"rendered":"https:\/\/www.d-paideia.eu\/center-for-creative-training-association-ccta\/"},"modified":"2024-05-13T16:10:21","modified_gmt":"2024-05-13T16:10:21","slug":"center-for-creative-training-association-ccta","status":"publish","type":"page","link":"https:\/\/www.d-paideia.eu\/es\/center-for-creative-training-association-ccta\/","title":{"rendered":"CENTER FOR CREATIVE TRAINING ASSOCIATION (CCTA)"},"content":{"rendered":"<p>[et_pb_section fb_built=\u00bb1&#8243; admin_label=\u00bbAbout\u00bb _builder_version=\u00bb4.16&#8243; _module_preset=\u00bbdefault\u00bb global_colors_info=\u00bb{}\u00bb locked=\u00bboff\u00bb theme_builder_area=\u00bbpost_content\u00bb][et_pb_row column_structure=\u00bb3_4,1_4&#8243; _builder_version=\u00bb4.21.0&#8243; _module_preset=\u00bbdefault\u00bb max_width=\u00bb1200px\u00bb custom_css_main_element=\u00bbdisplay: flex;||flex-direction: row;||justify-content: center;\u00bb global_colors_info=\u00bb{}\u00bb theme_builder_area=\u00bbpost_content\u00bb][et_pb_column type=\u00bb3_4&#8243; _builder_version=\u00bb4.17.4&#8243; _module_preset=\u00bbdefault\u00bb custom_padding=\u00bb||||false|false\u00bb custom_padding_tablet=\u00bb0vw||5vw||false|false\u00bb custom_padding_phone=\u00bb\u00bb custom_padding_last_edited=\u00bbon|desktop\u00bb global_colors_info=\u00bb{}\u00bb theme_builder_area=\u00bbpost_content\u00bb][et_pb_post_title meta=\u00bboff\u00bb featured_image=\u00bboff\u00bb _builder_version=\u00bb4.21.0&#8243; _module_preset=\u00bbdefault\u00bb title_font=\u00bbCandal|700|||||||\u00bb title_text_color=\u00bb#e55531&#8243; title_font_size=\u00bb50px\u00bb title_line_height=\u00bb1.8em\u00bb global_colors_info=\u00bb{}\u00bb theme_builder_area=\u00bbpost_content\u00bb][\/et_pb_post_title][et_pb_image src=\u00bbhttp:\/\/www.d-paideia.eu\/wp-content\/uploads\/2023\/05\/online-classroom-03.png\u00bb title_text=\u00bbonline-classroom-03&#8243; _builder_version=\u00bb4.16&#8243; _module_preset=\u00bbdefault\u00bb global_colors_info=\u00bb{}\u00bb theme_builder_area=\u00bbpost_content\u00bb][\/et_pb_image][et_pb_text _builder_version=\u00bb4.21.0&#8243; _module_preset=\u00bb0ad39c0a-2960-48b3-a197-cb5d910e17ab\u00bb text_font=\u00bbMontserrat|500|||||||\u00bb text_text_color=\u00bbrgba(0,0,0,0.6)\u00bb text_font_size=\u00bb16px\u00bb text_line_height=\u00bb1.8em\u00bb hover_enabled=\u00bb0&#8243; text_font_size_tablet=\u00bb15px\u00bb text_font_size_phone=\u00bb14px\u00bb text_font_size_last_edited=\u00bbon|desktop\u00bb global_colors_info=\u00bb{}\u00bb theme_builder_area=\u00bbpost_content\u00bb sticky_enabled=\u00bb0&#8243;]<\/p>\n<p><b>Center for Creative Training Association (CCTA)<span> <\/span><\/b><span>es una organizaci\u00f3n sin \u00e1nimo de lucro, creada en 2008 en Sof\u00eda, Bulgaria. Su objetivo es poner en marcha iniciativas que contribuyan a un cambio efectivo en el \u00e1mbito de la educaci\u00f3n y la formaci\u00f3n: un cambio hacia una educaci\u00f3n pr\u00e1ctica, que domine eficazmente las competencias clave y ayude a los alumnos a mejorar su potencial para una realizaci\u00f3n profesional y social satisfactoria. Las actividades de la CCTA se centran en el aprendizaje permanente, la formaci\u00f3n continua del profesorado y las iniciativas juveniles. Colaboramos con todas las organizaciones educativas de la ense\u00f1anza general, desde preescolar hasta bachillerato, incluidos los institutos de formaci\u00f3n profesional. La CCTA imparte cursos de cualificaci\u00f3n para profesores de primaria, secundaria y bachillerato en programas aprobados y reconocidos por el Ministerio b\u00falgaro de Educaci\u00f3n y Ciencia (de acuerdo con la legislaci\u00f3n b\u00falgara). M\u00e1s de 8000 profesores han recibido formaci\u00f3n a trav\u00e9s de cursos cortos de cualificaci\u00f3n impartidos por los formadores del Centro. Nuestras actividades en el \u00e1mbito de la formaci\u00f3n de pedagogos y otros especialistas cuentan con la certificaci\u00f3n ISO 9001:2015. Los cursos de corta duraci\u00f3n que impartimos a los educadores abarcan temas como: Escuela en la nube; Realidad virtual y aumentada en el entorno de aprendizaje; Dise\u00f1o y despliegue de las TIC; Herramientas para una educaci\u00f3n atractiva; Taller de pr\u00e1cticas educativas innovadoras; Desarrollo de habilidades de presentaci\u00f3n, y otros. Parte de cada formaci\u00f3n, relacionada con las TIC es el tema del uso significativo de las tecnolog\u00edas en el entorno educativo. Colaboramos con las escuelas para ayudarles a lograr la transformaci\u00f3n educativa a trav\u00e9s de las tecnolog\u00edas en la administraci\u00f3n escolar y en el proceso de ense\u00f1anza, as\u00ed como a trav\u00e9s de la modernizaci\u00f3n de la infraestructura <\/span><span>tecnol\u00f3gica escolar. CCTA es miembro de la Comunidad de Pr\u00e1ctica DigComp, participa en consultas p\u00fablicas y contribuye al proceso de revisi\u00f3n DigComp 2.2. Tambi\u00e9n es el coordinador de un proyecto Erasmus+ KA3 Policy Innovation<\/span><a href=\"https:\/\/seeval-project.eu\/\"><span>https:\/\/seeval-project.eu\/<\/span> <span>)<\/span><\/a><span> cuyo objetivo es desarrollar el aprendizaje social y emocional de los profesores en la escuela.<\/span><\/p>\n<p>[\/et_pb_text][\/et_pb_column][et_pb_column type=\u00bb1_4&#8243; _builder_version=\u00bb4.21.0&#8243; _module_preset=\u00bbdefault\u00bb custom_css_main_element=\u00bbdisplay: flex;||flex-direction: column;||justify-content: center;\u00bb global_colors_info=\u00bb{}\u00bb theme_builder_area=\u00bbpost_content\u00bb][et_pb_image src=\u00bbhttp:\/\/www.d-paideia.eu\/wp-content\/uploads\/2023\/05\/logo-CCT-184&#215;80-1.png\u00bb align=\u00bbcenter\u00bb _builder_version=\u00bb4.21.0&#8243; _module_preset=\u00bbdefault\u00bb custom_margin=\u00bb||||false|false\u00bb hover_enabled=\u00bb0&#8243; global_colors_info=\u00bb{}\u00bb theme_builder_area=\u00bbpost_content\u00bb title_text=\u00bblogo-CCT-184&#215;80&#8243; sticky_enabled=\u00bb0&#8243;][\/et_pb_image][et_pb_text _builder_version=\u00bb4.17.4&#8243; _module_preset=\u00bb0ad39c0a-2960-48b3-a197-cb5d910e17ab\u00bb global_colors_info=\u00bb{}\u00bb theme_builder_area=\u00bbpost_content\u00bb]<\/p>\n<h3 style=\"text-align: center;\">Learn more about us:<\/h3>\n<p>[\/et_pb_text][et_pb_button button_url=\u00bbhttps:\/\/cct.bg\/english\/\u00bb button_text=\u00bbWebsite\u00bb button_alignment=\u00bbcenter\u00bb _builder_version=\u00bb4.21.0&#8243; _module_preset=\u00bbdefault\u00bb custom_button=\u00bbon\u00bb button_text_size=\u00bb14px\u00bb button_text_color=\u00bb#FFFFFF\u00bb button_bg_color=\u00bb#e55531&#8243; button_border_width=\u00bb0px\u00bb button_border_radius=\u00bb0px\u00bb button_font=\u00bbCandal||||||||\u00bb button_icon=\u00bbE||divi||400&#8243; custom_padding=\u00bb14px|30px|14px|30px|true|true\u00bb custom_padding_tablet=\u00bb\u00bb custom_padding_phone=\u00bb|30px||30px|true|true\u00bb custom_padding_last_edited=\u00bbon|phone\u00bb hover_enabled=\u00bb0&#8243; button_text_size_tablet=\u00bb16px\u00bb button_text_size_phone=\u00bb14px\u00bb button_text_size_last_edited=\u00bbon|desktop\u00bb global_colors_info=\u00bb{}\u00bb theme_builder_area=\u00bbpost_content\u00bb sticky_enabled=\u00bb0&#8243;][\/et_pb_button][et_pb_button button_url=\u00bbhttp:\/\/www.d-paideia.eu\/centar-za-tvorchesko-obuchenie\/\u00bb url_new_window=\u00bbon\u00bb button_text=\u00bbFacebook\u00bb button_alignment=\u00bbcenter\u00bb disabled_on=\u00bboff|off|off\u00bb _builder_version=\u00bb4.21.0&#8243; _module_preset=\u00bbdefault\u00bb custom_button=\u00bbon\u00bb button_text_size=\u00bb14px\u00bb button_text_color=\u00bb#FFFFFF\u00bb button_bg_color=\u00bb#e55531&#8243; button_border_width=\u00bb0px\u00bb button_border_radius=\u00bb0px\u00bb button_font=\u00bbCandal||||||||\u00bb button_icon=\u00bbE||divi||400&#8243; custom_padding=\u00bb14px|24px|14px|24px|true|true\u00bb custom_padding_tablet=\u00bb\u00bb custom_padding_phone=\u00bb|30px||30px|true|true\u00bb custom_padding_last_edited=\u00bbon|phone\u00bb hover_enabled=\u00bb0&#8243; button_text_size_tablet=\u00bb16px\u00bb button_text_size_phone=\u00bb14px\u00bb button_text_size_last_edited=\u00bbon|desktop\u00bb box_shadow_style=\u00bbpreset3&#8243; global_colors_info=\u00bb{}\u00bb theme_builder_area=\u00bbpost_content\u00bb sticky_enabled=\u00bb0&#8243;][\/et_pb_button][\/et_pb_column][\/et_pb_row][\/et_pb_section]<\/p>\n","protected":false},"excerpt":{"rendered":"<p>Center for Creative Training Association (CCTA) es una organizaci\u00f3n sin \u00e1nimo de lucro, creada en 2008 en Sof\u00eda, Bulgaria. Su objetivo es poner en marcha iniciativas que contribuyan a un cambio efectivo en el \u00e1mbito de la educaci\u00f3n y la formaci\u00f3n: un cambio hacia una educaci\u00f3n pr\u00e1ctica, que domine eficazmente las competencias clave y ayude [&hellip;]<\/p>\n","protected":false},"author":1,"featured_media":0,"parent":0,"menu_order":0,"comment_status":"closed","ping_status":"closed","template":"","meta":{"_acf_changed":false,"_et_pb_use_builder":"on","_et_pb_old_content":"","_et_gb_content_width":"","footnotes":""},"class_list":["post-1945","page","type-page","status-publish","hentry"],"acf":[],"_links":{"self":[{"href":"https:\/\/www.d-paideia.eu\/es\/wp-json\/wp\/v2\/pages\/1945","targetHints":{"allow":["GET"]}}],"collection":[{"href":"https:\/\/www.d-paideia.eu\/es\/wp-json\/wp\/v2\/pages"}],"about":[{"href":"https:\/\/www.d-paideia.eu\/es\/wp-json\/wp\/v2\/types\/page"}],"author":[{"embeddable":true,"href":"https:\/\/www.d-paideia.eu\/es\/wp-json\/wp\/v2\/users\/1"}],"replies":[{"embeddable":true,"href":"https:\/\/www.d-paideia.eu\/es\/wp-json\/wp\/v2\/comments?post=1945"}],"version-history":[{"count":0,"href":"https:\/\/www.d-paideia.eu\/es\/wp-json\/wp\/v2\/pages\/1945\/revisions"}],"wp:attachment":[{"href":"https:\/\/www.d-paideia.eu\/es\/wp-json\/wp\/v2\/media?parent=1945"}],"curies":[{"name":"wp","href":"https:\/\/api.w.org\/{rel}","templated":true}]}}