{"id":1906,"date":"2024-05-13T15:42:18","date_gmt":"2024-05-13T15:42:18","guid":{"rendered":"https:\/\/www.d-paideia.eu\/action-synergy-sa\/"},"modified":"2024-05-13T15:42:18","modified_gmt":"2024-05-13T15:42:18","slug":"action-synergy-sa","status":"publish","type":"page","link":"https:\/\/www.d-paideia.eu\/es\/action-synergy-sa\/","title":{"rendered":"ACTION SYNERGY SA"},"content":{"rendered":"<p>[et_pb_section fb_built=\u00bb1&#8243; admin_label=\u00bbAbout\u00bb _builder_version=\u00bb4.16&#8243; _module_preset=\u00bbdefault\u00bb global_colors_info=\u00bb{}\u00bb locked=\u00bboff\u00bb theme_builder_area=\u00bbpost_content\u00bb][et_pb_row column_structure=\u00bb3_4,1_4&#8243; _builder_version=\u00bb4.21.0&#8243; _module_preset=\u00bbdefault\u00bb max_width=\u00bb1200px\u00bb custom_css_main_element=\u00bbdisplay: flex;||flex-direction: row;||justify-content: center;\u00bb global_colors_info=\u00bb{}\u00bb theme_builder_area=\u00bbpost_content\u00bb][et_pb_column type=\u00bb3_4&#8243; _builder_version=\u00bb4.17.4&#8243; _module_preset=\u00bbdefault\u00bb custom_padding=\u00bb||||false|false\u00bb custom_padding_tablet=\u00bb0vw||5vw||false|false\u00bb custom_padding_phone=\u00bb\u00bb custom_padding_last_edited=\u00bbon|desktop\u00bb global_colors_info=\u00bb{}\u00bb theme_builder_area=\u00bbpost_content\u00bb][et_pb_post_title meta=\u00bboff\u00bb featured_image=\u00bboff\u00bb _builder_version=\u00bb4.21.0&#8243; _module_preset=\u00bbdefault\u00bb title_font=\u00bbCandal|700|||||||\u00bb title_text_color=\u00bb#e55531&#8243; title_font_size=\u00bb50px\u00bb title_line_height=\u00bb1.8em\u00bb global_colors_info=\u00bb{}\u00bb theme_builder_area=\u00bbpost_content\u00bb][\/et_pb_post_title][et_pb_image src=\u00bbhttp:\/\/www.d-paideia.eu\/wp-content\/uploads\/2023\/05\/online-classroom-03.png\u00bb title_text=\u00bbonline-classroom-03&#8243; _builder_version=\u00bb4.16&#8243; _module_preset=\u00bbdefault\u00bb global_colors_info=\u00bb{}\u00bb theme_builder_area=\u00bbpost_content\u00bb][\/et_pb_image][et_pb_text _builder_version=\u00bb4.21.0&#8243; _module_preset=\u00bb0ad39c0a-2960-48b3-a197-cb5d910e17ab\u00bb text_font=\u00bbMontserrat|500|||||||\u00bb text_text_color=\u00bbrgba(0,0,0,0.6)\u00bb text_font_size=\u00bb16px\u00bb text_line_height=\u00bb1.8em\u00bb hover_enabled=\u00bb0&#8243; text_font_size_tablet=\u00bb15px\u00bb text_font_size_phone=\u00bb14px\u00bb text_font_size_last_edited=\u00bbon|desktop\u00bb global_colors_info=\u00bb{}\u00bb theme_builder_area=\u00bbpost_content\u00bb sticky_enabled=\u00bb0&#8243;]<\/p>\n<p><span>El coordinador,<\/span> <b>Action Synerg<span>y<\/span><\/b> <span>de Grecia, es una organizaci\u00f3n de formaci\u00f3n y aplicaciones basadas en el conocimiento que participa activamente en el desarrollo de tecnolog\u00edas educativas, metodolog\u00edas de formaci\u00f3n y la organizaci\u00f3n de cursos de formaci\u00f3n del profesorado. Tiene una amplia experiencia en la coordinaci\u00f3n de proyectos de innovaci\u00f3n pol\u00edtica Erasmus+ KA3, ya que ha coordinado 3 proyectos destinados a mejorar la inclusi\u00f3n social en las aulas (<\/span><a href=\"https:\/\/sedin-project.eu\/\"><span>https:\/\/sedin-project.eu\/<\/span> <span>, <\/span> <span> <\/span><\/a><a href=\"https:\/\/www.ear-citizen.eu\/\"><span>https:\/\/www.ear-citizen.eu\/<\/span> <span>,<\/span><\/a><span> <\/span><a href=\"http:\/\/www.diverse-education.eu\/\"><span>http:\/\/www.diverse-education.eu\/<\/span><span>)<\/span><\/a><span> y participa como socio en otros 3 proyectos KA3 en el mismo \u00e1mbito. y participa como socio en otros 3 proyectos KA3 en el mismo \u00e1mbito. Trabaja en el campo de la cooperaci\u00f3n europea en educaci\u00f3n y formaci\u00f3n desde 1987. Su trabajo se centra principalmente en el desarrollo de actividades educativas para la inclusi\u00f3n social de grupos vulnerables y la formaci\u00f3n de profesores en m\u00e9todos innovadores e inclusivos. En el \u00faltimo a\u00f1o, m\u00e1s de <\/span><span>1.000 profesores griegos y extranjeros han participado en los seminarios organizados por Action Synergy.<\/span><\/p>\n<p>[\/et_pb_text][\/et_pb_column][et_pb_column type=\u00bb1_4&#8243; _builder_version=\u00bb4.21.0&#8243; _module_preset=\u00bbdefault\u00bb custom_css_main_element=\u00bbdisplay: flex;||flex-direction: column;||justify-content: center;\u00bb global_colors_info=\u00bb{}\u00bb theme_builder_area=\u00bbpost_content\u00bb][et_pb_image src=\u00bbhttp:\/\/www.d-paideia.eu\/wp-content\/uploads\/2023\/05\/LOGO-300-X121-e1441012394793.png\u00bb align=\u00bbcenter\u00bb _builder_version=\u00bb4.21.0&#8243; _module_preset=\u00bbdefault\u00bb custom_margin=\u00bb||||false|false\u00bb hover_enabled=\u00bb0&#8243; global_colors_info=\u00bb{}\u00bb theme_builder_area=\u00bbpost_content\u00bb title_text=\u00bbLOGO-300-X121-e1441012394793&#8243; sticky_enabled=\u00bb0&#8243;][\/et_pb_image][et_pb_text _builder_version=\u00bb4.17.4&#8243; _module_preset=\u00bb0ad39c0a-2960-48b3-a197-cb5d910e17ab\u00bb global_colors_info=\u00bb{}\u00bb theme_builder_area=\u00bbpost_content\u00bb]<\/p>\n<h3 style=\"text-align: center;\">Learn more about us:<\/h3>\n<p>[\/et_pb_text][et_pb_button button_url=\u00bbhttps:\/\/action.gr\/\u00bb button_text=\u00bbWebsite\u00bb button_alignment=\u00bbcenter\u00bb _builder_version=\u00bb4.21.0&#8243; _module_preset=\u00bbdefault\u00bb custom_button=\u00bbon\u00bb button_text_size=\u00bb14px\u00bb button_text_color=\u00bb#FFFFFF\u00bb button_bg_color=\u00bb#e55531&#8243; button_border_width=\u00bb0px\u00bb button_border_radius=\u00bb0px\u00bb button_font=\u00bbCandal||||||||\u00bb button_icon=\u00bbE||divi||400&#8243; custom_padding=\u00bb14px|30px|14px|30px|true|true\u00bb custom_padding_tablet=\u00bb\u00bb custom_padding_phone=\u00bb|30px||30px|true|true\u00bb custom_padding_last_edited=\u00bbon|phone\u00bb hover_enabled=\u00bb0&#8243; button_text_size_tablet=\u00bb16px\u00bb button_text_size_phone=\u00bb14px\u00bb button_text_size_last_edited=\u00bbon|desktop\u00bb global_colors_info=\u00bb{}\u00bb theme_builder_area=\u00bbpost_content\u00bb sticky_enabled=\u00bb0&#8243;][\/et_pb_button][et_pb_button button_url=\u00bbhttps:\/\/www.facebook.com\/ActionSynergySA\u00bb url_new_window=\u00bbon\u00bb button_text=\u00bbFacebook\u00bb button_alignment=\u00bbcenter\u00bb disabled_on=\u00bboff|off|off\u00bb _builder_version=\u00bb4.21.0&#8243; _module_preset=\u00bbdefault\u00bb custom_button=\u00bbon\u00bb button_text_size=\u00bb14px\u00bb button_text_color=\u00bb#FFFFFF\u00bb button_bg_color=\u00bb#e55531&#8243; button_border_width=\u00bb0px\u00bb button_border_radius=\u00bb0px\u00bb button_font=\u00bbCandal||||||||\u00bb button_icon=\u00bbE||divi||400&#8243; custom_padding=\u00bb14px|24px|14px|24px|true|true\u00bb custom_padding_tablet=\u00bb\u00bb custom_padding_phone=\u00bb|30px||30px|true|true\u00bb custom_padding_last_edited=\u00bbon|phone\u00bb hover_enabled=\u00bb0&#8243; button_text_size_tablet=\u00bb16px\u00bb button_text_size_phone=\u00bb14px\u00bb button_text_size_last_edited=\u00bbon|desktop\u00bb box_shadow_style=\u00bbpreset3&#8243; global_colors_info=\u00bb{}\u00bb theme_builder_area=\u00bbpost_content\u00bb sticky_enabled=\u00bb0&#8243;][\/et_pb_button][\/et_pb_column][\/et_pb_row][\/et_pb_section]<\/p>\n","protected":false},"excerpt":{"rendered":"<p>El coordinador, Action Synergy de Grecia, es una organizaci\u00f3n de formaci\u00f3n y aplicaciones basadas en el conocimiento que participa activamente en el desarrollo de tecnolog\u00edas educativas, metodolog\u00edas de formaci\u00f3n y la organizaci\u00f3n de cursos de formaci\u00f3n del profesorado. Tiene una amplia experiencia en la coordinaci\u00f3n de proyectos de innovaci\u00f3n pol\u00edtica Erasmus+ KA3, ya que ha [&hellip;]<\/p>\n","protected":false},"author":1,"featured_media":0,"parent":0,"menu_order":0,"comment_status":"closed","ping_status":"closed","template":"","meta":{"_acf_changed":false,"_et_pb_use_builder":"on","_et_pb_old_content":"","_et_gb_content_width":"","footnotes":""},"class_list":["post-1906","page","type-page","status-publish","hentry"],"acf":[],"_links":{"self":[{"href":"https:\/\/www.d-paideia.eu\/es\/wp-json\/wp\/v2\/pages\/1906","targetHints":{"allow":["GET"]}}],"collection":[{"href":"https:\/\/www.d-paideia.eu\/es\/wp-json\/wp\/v2\/pages"}],"about":[{"href":"https:\/\/www.d-paideia.eu\/es\/wp-json\/wp\/v2\/types\/page"}],"author":[{"embeddable":true,"href":"https:\/\/www.d-paideia.eu\/es\/wp-json\/wp\/v2\/users\/1"}],"replies":[{"embeddable":true,"href":"https:\/\/www.d-paideia.eu\/es\/wp-json\/wp\/v2\/comments?post=1906"}],"version-history":[{"count":0,"href":"https:\/\/www.d-paideia.eu\/es\/wp-json\/wp\/v2\/pages\/1906\/revisions"}],"wp:attachment":[{"href":"https:\/\/www.d-paideia.eu\/es\/wp-json\/wp\/v2\/media?parent=1906"}],"curies":[{"name":"wp","href":"https:\/\/api.w.org\/{rel}","templated":true}]}}