{"id":1571,"date":"2023-06-08T08:27:03","date_gmt":"2023-06-08T08:27:03","guid":{"rendered":"https:\/\/www.d-paideia.eu\/marco-de-cualificaciones\/"},"modified":"2023-06-08T08:27:03","modified_gmt":"2023-06-08T08:27:03","slug":"marco-de-cualificaciones","status":"publish","type":"page","link":"https:\/\/www.d-paideia.eu\/es\/marco-de-cualificaciones\/","title":{"rendered":"Marco de cualificaciones"},"content":{"rendered":"<p>[et_pb_section fb_built=\u00bb1&#8243; _builder_version=\u00bb4.21.0&#8243; _module_preset=\u00bbdefault\u00bb custom_padding=\u00bb100px||||false|false\u00bb global_colors_info=\u00bb{}\u00bb][et_pb_row _builder_version=\u00bb4.21.0&#8243; _module_preset=\u00bbdefault\u00bb max_width=\u00bb1200px\u00bb global_colors_info=\u00bb{}\u00bb][et_pb_column type=\u00bb4_4&#8243; _builder_version=\u00bb4.21.0&#8243; _module_preset=\u00bbdefault\u00bb global_colors_info=\u00bb{}\u00bb][et_pb_text _builder_version=\u00bb4.21.0&#8243; _module_preset=\u00bbf1931d05-5ec2-46f5-acba-d16894fb4134&#8243; global_colors_info=\u00bb{}\u00bb]<\/p>\n<h1>Marco de cualificaciones<\/h1>\n<p>[\/et_pb_text][et_pb_image src=\u00bbhttp:\/\/www.d-paideia.eu\/wp-content\/uploads\/2023\/05\/online-classroom-09.png\u00bb title_text=\u00bbonline-classroom-09&#8243; _builder_version=\u00bb4.21.0&#8243; _module_preset=\u00bbdefault\u00bb global_colors_info=\u00bb{}\u00bb][\/et_pb_image][\/et_pb_column][\/et_pb_row][et_pb_row column_structure=\u00bb3_5,2_5&#8243; custom_padding_last_edited=\u00bbon|phone\u00bb _builder_version=\u00bb4.21.0&#8243; _module_preset=\u00bb59be25ee-1e77-432b-a2dc-926c41cf23f5&#8243; max_width=\u00bb1200px\u00bb custom_padding_tablet=\u00bb\u00bb custom_padding_phone=\u00bb20px||20px||true|false\u00bb global_colors_info=\u00bb{}\u00bb][et_pb_column type=\u00bb3_5&#8243; _builder_version=\u00bb4.21.0&#8243; _module_preset=\u00bbdefault\u00bb background_image=\u00bbhttp:\/\/www.d-paideia.eu\/wp-content\/uploads\/2023\/05\/online-classroom-22.jpg\u00bb custom_padding=\u00bb50px|50px|50px|50px|true|true\u00bb custom_padding_tablet=\u00bb50px|50px|50px|50px|true|true\u00bb custom_padding_phone=\u00bb50px|15px|50px|15px|true|true\u00bb custom_padding_last_edited=\u00bbon|phone\u00bb custom_css_main_element=\u00bbbox-shadow: 2.6654322147369385px 2.6654322147369385px 2.6654322147369385px 0px rgba(0, 0, 0, 0.20);\u00bb border_radii=\u00bbon|20px|20px|20px|20px\u00bb global_colors_info=\u00bb{}\u00bb][et_pb_text _builder_version=\u00bb4.21.0&#8243; _module_preset=\u00bbf1931d05-5ec2-46f5-acba-d16894fb4134&#8243; text_font=\u00bb|600|||||||\u00bb text_text_color=\u00bb#202020&#8243; text_line_height=\u00bb2em\u00bb header_3_font=\u00bb|600||on|||||\u00bb header_3_text_color=\u00bb#202020&#8243; hover_enabled=\u00bb0&#8243; global_colors_info=\u00bb{}\u00bb sticky_enabled=\u00bb0&#8243;]<\/p>\n<h3>DESARROLLO DE UN MARCO DE CUALIFICACIONES PARA LAS COMPETENCIAS DIGITALES PEDAG\u00d3GICAS.<\/h3>\n<p>Los objetivos del proyecto D-PAIDEIA son :<\/p>\n<p>[\/et_pb_text][et_pb_blurb image=\u00bbhttp:\/\/www.d-paideia.eu\/wp-content\/uploads\/2023\/08\/check-mark.png\u00bb icon_placement=\u00bbleft\u00bb _builder_version=\u00bb4.21.0&#8243; _module_preset=\u00bbdefault\u00bb body_font=\u00bb|600|||||||\u00bb body_text_color=\u00bb#202020&#8243; body_font_size=\u00bb18px\u00bb body_line_height=\u00bb2em\u00bb animation=\u00bboff\u00bb body_font_size_tablet=\u00bb18px\u00bb body_font_size_phone=\u00bb14px\u00bb body_font_size_last_edited=\u00bbon|phone\u00bb global_colors_info=\u00bb{}\u00bb]<\/p>\n<p>Actualizaci\u00f3n y adaptaci\u00f3n del marco DigCompEdu teniendo en cuenta la experiencia del periodo de pandemia covid19<\/p>\n<p>[\/et_pb_blurb][et_pb_blurb image=\u00bbhttp:\/\/www.d-paideia.eu\/wp-content\/uploads\/2023\/08\/check-mark.png\u00bb icon_placement=\u00bbleft\u00bb _builder_version=\u00bb4.21.0&#8243; _module_preset=\u00bbdefault\u00bb body_font=\u00bb|600|||||||\u00bb body_text_color=\u00bb#202020&#8243; body_font_size=\u00bb18px\u00bb body_line_height=\u00bb2em\u00bb animation=\u00bboff\u00bb body_font_size_tablet=\u00bb18px\u00bb body_font_size_phone=\u00bb14px\u00bb body_font_size_last_edited=\u00bbon|phone\u00bb global_colors_info=\u00bb{}\u00bb]<\/p>\n<p>Creaci\u00f3n de un marco que incluya las competencias del entorno digital relacionadas con el aprendizaje social y emocional y el nuevo enfoque pedag\u00f3gico<\/p>\n<p>[\/et_pb_blurb][et_pb_text _builder_version=\u00bb4.21.0&#8243; _module_preset=\u00bbf1931d05-5ec2-46f5-acba-d16894fb4134&#8243; text_font=\u00bb|600|||||||\u00bb text_text_color=\u00bb#202020&#8243; text_font_size=\u00bb16px\u00bb text_line_height=\u00bb22px\u00bb header_3_font=\u00bb|600||on|||||\u00bb header_3_text_color=\u00bb#202020&#8243; text_font_size_phone=\u00bb14px\u00bb global_colors_info=\u00bb{}\u00bb]<\/p>\n<p><span style=\"font-weight: 400;\">Se ha publicado el borrador de propuesta de D-PAIDEIA para los cambios necesarios en el Marco de Cualificaciones. Nuestra propuesta consiste en integrar tres nuevos elementos en la dimensi\u00f3n del compromiso profesional, a\u00f1adir una nueva secci\u00f3n en el \u00e1rea de las competencias pedag\u00f3gicas de los profesores y, por \u00faltimo, alinear las competencias de los alumnos con la \u00faltima versi\u00f3n del Marco de Competencias Digitales para los Ciudadanos (DigComp 2.2 ). La propuesta se est\u00e1 consultando actualmente con profesores y expertos. <\/span><\/p>\n<p>[\/et_pb_text][et_pb_code _builder_version=\u00bb4.21.0&#8243; _module_preset=\u00bbdefault\u00bb locked=\u00bboff\u00bb global_colors_info=\u00bb{}\u00bb]<a href=\"http:\/\/www.d-paideia.eu\/wp-content\/uploads\/2023\/09\/T2.2-Qualification-Framework-WP2_v02.pdf\" download=\"T2.2-Qualification-Framework-WP2_v02.pdf\" class=\"download-link\">Read the proposal<\/a><!-- [et_pb_line_break_holder] --><!-- [et_pb_line_break_holder] -->[\/et_pb_code][\/et_pb_column][et_pb_column type=\u00bb2_5&#8243; _builder_version=\u00bb4.21.0&#8243; _module_preset=\u00bbdefault\u00bb custom_css_main_element=\u00bbbox-shadow: 2.6654322147369385px 2.6654322147369385px 2.6654322147369385px 0px rgba(0, 0, 0, 0.20);\u00bb border_radii=\u00bbon|20px|20px|20px|20px\u00bb global_colors_info=\u00bb{}\u00bb][et_pb_image src=\u00bbhttp:\/\/www.d-paideia.eu\/wp-content\/uploads\/2023\/08\/pexels-fauxels-3184433-scaled.jpg\u00bb title_text=\u00bbpexels-fauxels-3184433&#8243; _builder_version=\u00bb4.21.0&#8243; _module_preset=\u00bbdefault\u00bb global_colors_info=\u00bb{}\u00bb][\/et_pb_image][\/et_pb_column][\/et_pb_row][\/et_pb_section]<\/p>\n","protected":false},"excerpt":{"rendered":"<p>Marco de cualificacionesDESARROLLO DE UN MARCO DE CUALIFICACIONES PARA LAS COMPETENCIAS DIGITALES PEDAG\u00d3GICAS. Los objetivos del proyecto D-PAIDEIA son :Actualizaci\u00f3n y adaptaci\u00f3n del marco DigCompEdu teniendo en cuenta la experiencia del periodo de pandemia covid19Creaci\u00f3n de un marco que incluya las competencias del entorno digital relacionadas con el aprendizaje social y emocional y el nuevo [&hellip;]<\/p>\n","protected":false},"author":1,"featured_media":0,"parent":0,"menu_order":0,"comment_status":"closed","ping_status":"closed","template":"","meta":{"_acf_changed":false,"_et_pb_use_builder":"on","_et_pb_old_content":"","_et_gb_content_width":"","footnotes":""},"class_list":["post-1571","page","type-page","status-publish","hentry"],"acf":[],"_links":{"self":[{"href":"https:\/\/www.d-paideia.eu\/es\/wp-json\/wp\/v2\/pages\/1571","targetHints":{"allow":["GET"]}}],"collection":[{"href":"https:\/\/www.d-paideia.eu\/es\/wp-json\/wp\/v2\/pages"}],"about":[{"href":"https:\/\/www.d-paideia.eu\/es\/wp-json\/wp\/v2\/types\/page"}],"author":[{"embeddable":true,"href":"https:\/\/www.d-paideia.eu\/es\/wp-json\/wp\/v2\/users\/1"}],"replies":[{"embeddable":true,"href":"https:\/\/www.d-paideia.eu\/es\/wp-json\/wp\/v2\/comments?post=1571"}],"version-history":[{"count":0,"href":"https:\/\/www.d-paideia.eu\/es\/wp-json\/wp\/v2\/pages\/1571\/revisions"}],"wp:attachment":[{"href":"https:\/\/www.d-paideia.eu\/es\/wp-json\/wp\/v2\/media?parent=1571"}],"curies":[{"name":"wp","href":"https:\/\/api.w.org\/{rel}","templated":true}]}}