{"id":1569,"date":"2023-08-23T10:34:35","date_gmt":"2023-08-23T10:34:35","guid":{"rendered":"https:\/\/www.d-paideia.eu\/evaluacion\/"},"modified":"2023-08-23T10:34:35","modified_gmt":"2023-08-23T10:34:35","slug":"evaluacion","status":"publish","type":"page","link":"https:\/\/www.d-paideia.eu\/es\/evaluacion\/","title":{"rendered":"Evaluaci\u00f3n"},"content":{"rendered":"<p>[et_pb_section fb_built=\u00bb1&#8243; _builder_version=\u00bb4.21.0&#8243; _module_preset=\u00bbdefault\u00bb global_colors_info=\u00bb{}\u00bb][et_pb_row _builder_version=\u00bb4.21.0&#8243; _module_preset=\u00bbdefault\u00bb max_width=\u00bb1200px\u00bb global_colors_info=\u00bb{}\u00bb][et_pb_column type=\u00bb4_4&#8243; _builder_version=\u00bb4.21.0&#8243; _module_preset=\u00bbdefault\u00bb global_colors_info=\u00bb{}\u00bb][et_pb_text _builder_version=\u00bb4.21.0&#8243; _module_preset=\u00bbdefault\u00bb global_colors_info=\u00bb{}\u00bb]<\/p>\n<h1>Evaluaci\u00f3n<\/h1>\n<p>La garant\u00eda de calidad como parte de la evaluaci\u00f3n de la gesti\u00f3n y el proceso tendr\u00e1 como objetivo la mejora participativa de la calidad (proceso) y la eficacia global (resultado) con varios focos. La evaluaci\u00f3n de la pertinencia medir\u00e1 el grado de respuesta a las necesidades\/problemas de los grupos destinatarios.<\/p>\n<p>[\/et_pb_text][\/et_pb_column][\/et_pb_row][et_pb_row column_structure=\u00bb3_5,2_5&#8243; _builder_version=\u00bb4.21.0&#8243; _module_preset=\u00bbdefault\u00bb max_width=\u00bb1200px\u00bb custom_padding=\u00bb||||false|false\u00bb hover_enabled=\u00bb0&#8243; global_colors_info=\u00bb{}\u00bb sticky_enabled=\u00bb0&#8243;][et_pb_column type=\u00bb3_5&#8243; _builder_version=\u00bb4.21.0&#8243; _module_preset=\u00bbdefault\u00bb background_image=\u00bbhttp:\/\/www.d-paideia.eu\/wp-content\/uploads\/2023\/05\/online-classroom-22.jpg\u00bb custom_padding=\u00bb25px|25px|25px|25px|true|true\u00bb hover_enabled=\u00bb0&#8243; custom_css_main_element=\u00bbbox-shadow: 2.6654322147369385px 2.6654322147369385px 2.6654322147369385px 0px rgba(0, 0, 0, 0.20);\u00bb border_radii=\u00bbon|20px|20px|20px|20px\u00bb global_colors_info=\u00bb{}\u00bb sticky_enabled=\u00bb0&#8243;][et_pb_text _builder_version=\u00bb4.21.0&#8243; _module_preset=\u00bbdefault\u00bb text_text_color=\u00bb#202020&#8243; text_font_size=\u00bb22px\u00bb text_line_height=\u00bb2em\u00bb global_colors_info=\u00bb{}\u00bb]<\/p>\n<p>Se utilizar\u00e1n los siguientes m\u00e9todos para obtener datos para los procesos de garant\u00eda de calidad:<\/p>\n<p>[\/et_pb_text][et_pb_blurb image=\u00bbhttp:\/\/www.d-paideia.eu\/wp-content\/uploads\/2023\/08\/check-mark.png\u00bb icon_placement=\u00bbleft\u00bb image_icon_width=\u00bb80%\u00bb content_max_width=\u00bb100%\u00bb _builder_version=\u00bb4.21.0&#8243; _module_preset=\u00bbdefault\u00bb body_font=\u00bb||||||||\u00bb body_text_color=\u00bb#202020&#8243; body_font_size=\u00bb20px\u00bb max_width=\u00bb1088px\u00bb custom_margin=\u00bb||10px||false|false\u00bb body_font_size_tablet=\u00bb16px\u00bb body_font_size_phone=\u00bb14px\u00bb body_font_size_last_edited=\u00bbon|phone\u00bb global_colors_info=\u00bb{}\u00bb]<\/p>\n<p>entrevistas individuales\/de equipo con equipos de socios\/beneficiarios\/socios\/partes interesadas<\/p>\n<p>[\/et_pb_blurb][et_pb_blurb image=\u00bbhttp:\/\/www.d-paideia.eu\/wp-content\/uploads\/2023\/08\/check-mark.png\u00bb icon_placement=\u00bbleft\u00bb image_icon_width=\u00bb80%\u00bb content_max_width=\u00bb100%\u00bb _builder_version=\u00bb4.21.0&#8243; _module_preset=\u00bbdefault\u00bb body_font=\u00bb||||||||\u00bb body_text_color=\u00bb#202020&#8243; body_font_size=\u00bb20px\u00bb max_width=\u00bb1088px\u00bb custom_margin=\u00bb||10px||false|false\u00bb body_font_size_tablet=\u00bb16px\u00bb body_font_size_phone=\u00bb14px\u00bb body_font_size_last_edited=\u00bbon|phone\u00bb global_colors_info=\u00bb{}\u00bb]<\/p>\n<p>grupos focales con representantes de los grupos destinatarios antes de que comience la ejecuci\u00f3n<\/p>\n<p>[\/et_pb_blurb][et_pb_blurb image=\u00bbhttp:\/\/www.d-paideia.eu\/wp-content\/uploads\/2023\/08\/check-mark.png\u00bb icon_placement=\u00bbleft\u00bb image_icon_width=\u00bb80%\u00bb content_max_width=\u00bb100%\u00bb _builder_version=\u00bb4.21.0&#8243; _module_preset=\u00bbdefault\u00bb body_font=\u00bb||||||||\u00bb body_text_color=\u00bb#202020&#8243; body_font_size=\u00bb20px\u00bb max_width=\u00bb1088px\u00bb custom_margin=\u00bb||10px||false|false\u00bb body_font_size_tablet=\u00bb16px\u00bb body_font_size_phone=\u00bb14px\u00bb body_font_size_last_edited=\u00bbon|phone\u00bb global_colors_info=\u00bb{}\u00bb]<\/p>\n<p>observaciones de las actividades en el aula por parte de los participantes<\/p>\n<p>[\/et_pb_blurb][et_pb_blurb image=\u00bbhttp:\/\/www.d-paideia.eu\/wp-content\/uploads\/2023\/08\/check-mark.png\u00bb icon_placement=\u00bbleft\u00bb image_icon_width=\u00bb80%\u00bb content_max_width=\u00bb100%\u00bb _builder_version=\u00bb4.21.0&#8243; _module_preset=\u00bbdefault\u00bb body_font=\u00bb||||||||\u00bb body_text_color=\u00bb#202020&#8243; body_font_size=\u00bb20px\u00bb max_width=\u00bb1088px\u00bb custom_margin=\u00bb||10px||false|false\u00bb body_font_size_tablet=\u00bb16px\u00bb body_font_size_phone=\u00bb14px\u00bb body_font_size_last_edited=\u00bbon|phone\u00bb global_colors_info=\u00bb{}\u00bb]<\/p>\n<p>encuesta en l\u00ednea aplicada como l\u00ednea de base y evaluaci\u00f3n de resultados sobre cuestiones seleccionadas, relacionadas con los indicadores de evaluaci\u00f3n<\/p>\n<p>[\/et_pb_blurb][et_pb_blurb image=\u00bbhttp:\/\/www.d-paideia.eu\/wp-content\/uploads\/2023\/08\/check-mark.png\u00bb icon_placement=\u00bbleft\u00bb image_icon_width=\u00bb80%\u00bb content_max_width=\u00bb100%\u00bb _builder_version=\u00bb4.21.0&#8243; _module_preset=\u00bbdefault\u00bb body_font=\u00bb||||||||\u00bb body_text_color=\u00bb#202020&#8243; body_font_size=\u00bb20px\u00bb max_width=\u00bb1088px\u00bb custom_margin=\u00bb||10px||false|false\u00bb body_font_size_tablet=\u00bb16px\u00bb body_font_size_phone=\u00bb14px\u00bb body_font_size_last_edited=\u00bbon|phone\u00bb global_colors_info=\u00bb{}\u00bb]<\/p>\n<p>peque\u00f1a encuesta: relativa a los indicadores de impacto<\/p>\n<p>[\/et_pb_blurb][et_pb_text _builder_version=\u00bb4.21.0&#8243; _module_preset=\u00bbdefault\u00bb text_text_color=\u00bb#202020&#8243; text_font_size=\u00bb22px\u00bb text_line_height=\u00bb1.8em\u00bb max_width=\u00bb1088px\u00bb custom_margin=\u00bb||10px||false|false\u00bb global_colors_info=\u00bb{}\u00bb body_font_size_tablet=\u00bb16px\u00bb body_font_size_phone=\u00bb14px\u00bb body_font_size_last_edited=\u00bbon|phone\u00bb]<\/p>\n<p>La evaluaci\u00f3n se llevar\u00e1 a cabo en el esp\u00edritu de la investigaci\u00f3n y la evaluaci\u00f3n participativas y tendr\u00e1 como objetivo la comprensi\u00f3n compartida y la apropiaci\u00f3n de los resultados del proyecto, as\u00ed como un firme compromiso con su ampliaci\u00f3n.<\/p>\n<p>[\/et_pb_text][\/et_pb_column][et_pb_column type=\u00bb2_5&#8243; _builder_version=\u00bb4.21.0&#8243; _module_preset=\u00bbdefault\u00bb hover_enabled=\u00bb0&#8243; global_colors_info=\u00bb{}\u00bb custom_css_main_element=\u00bbbox-shadow: 2.6654322147369385px 2.6654322147369385px 2.6654322147369385px 0px rgba(0, 0, 0, 0.20);\u00bb border_radii=\u00bbon|20px|20px|20px|20px\u00bb sticky_enabled=\u00bb0&#8243;][et_pb_image src=\u00bbhttp:\/\/www.d-paideia.eu\/wp-content\/uploads\/2023\/08\/pexels-alena-darmel-7742825-scaled.jpg\u00bb _builder_version=\u00bb4.21.0&#8243; _module_preset=\u00bbdefault\u00bb title_text=\u00bbpexels-alena-darmel-7742825&#8243; hover_enabled=\u00bb0&#8243; sticky_enabled=\u00bb0&#8243;][\/et_pb_image][\/et_pb_column][\/et_pb_row][\/et_pb_section]<\/p>\n","protected":false},"excerpt":{"rendered":"<p>Evaluaci\u00f3n La garant\u00eda de calidad como parte de la evaluaci\u00f3n de la gesti\u00f3n y el proceso tendr\u00e1 como objetivo la mejora participativa de la calidad (proceso) y la eficacia global (resultado) con varios focos. La evaluaci\u00f3n de la pertinencia medir\u00e1 el grado de respuesta a las necesidades\/problemas de los grupos destinatarios.Se utilizar\u00e1n los siguientes m\u00e9todos [&hellip;]<\/p>\n","protected":false},"author":1,"featured_media":0,"parent":0,"menu_order":0,"comment_status":"closed","ping_status":"closed","template":"","meta":{"_acf_changed":false,"_et_pb_use_builder":"on","_et_pb_old_content":"","_et_gb_content_width":"","footnotes":""},"class_list":["post-1569","page","type-page","status-publish","hentry"],"acf":[],"_links":{"self":[{"href":"https:\/\/www.d-paideia.eu\/es\/wp-json\/wp\/v2\/pages\/1569","targetHints":{"allow":["GET"]}}],"collection":[{"href":"https:\/\/www.d-paideia.eu\/es\/wp-json\/wp\/v2\/pages"}],"about":[{"href":"https:\/\/www.d-paideia.eu\/es\/wp-json\/wp\/v2\/types\/page"}],"author":[{"embeddable":true,"href":"https:\/\/www.d-paideia.eu\/es\/wp-json\/wp\/v2\/users\/1"}],"replies":[{"embeddable":true,"href":"https:\/\/www.d-paideia.eu\/es\/wp-json\/wp\/v2\/comments?post=1569"}],"version-history":[{"count":0,"href":"https:\/\/www.d-paideia.eu\/es\/wp-json\/wp\/v2\/pages\/1569\/revisions"}],"wp:attachment":[{"href":"https:\/\/www.d-paideia.eu\/es\/wp-json\/wp\/v2\/media?parent=1569"}],"curies":[{"name":"wp","href":"https:\/\/api.w.org\/{rel}","templated":true}]}}