{"id":1567,"date":"2023-06-04T18:00:42","date_gmt":"2023-06-04T18:00:42","guid":{"rendered":"https:\/\/www.d-paideia.eu\/estrategias-pedagogicas-digitales-para-las-escuelas-2\/"},"modified":"2023-06-04T18:00:42","modified_gmt":"2023-06-04T18:00:42","slug":"estrategias-pedagogicas-digitales-para-las-escuelas-2","status":"publish","type":"page","link":"https:\/\/www.d-paideia.eu\/es\/estrategias-pedagogicas-digitales-para-las-escuelas-2\/","title":{"rendered":"ESTRATEGIAS PEDAG\u00d3GICAS DIGITALES PARA LAS ESCUELAS"},"content":{"rendered":"<p>[et_pb_section fb_built=\u00bb1&#8243; _builder_version=\u00bb4.21.0&#8243; _module_preset=\u00bbdefault\u00bb global_colors_info=\u00bb{}\u00bb][et_pb_row _builder_version=\u00bb4.21.0&#8243; _module_preset=\u00bbdefault\u00bb max_width=\u00bb1200px\u00bb locked=\u00bboff\u00bb global_colors_info=\u00bb{}\u00bb][et_pb_column type=\u00bb4_4&#8243; _builder_version=\u00bb4.21.0&#8243; _module_preset=\u00bbdefault\u00bb global_colors_info=\u00bb{}\u00bb][et_pb_text _builder_version=\u00bb4.21.0&#8243; _module_preset=\u00bbdefault\u00bb hover_enabled=\u00bb0&#8243; global_colors_info=\u00bb{}\u00bb sticky_enabled=\u00bb0&#8243;]<\/p>\n<h1>ESTRATEGIAS PEDAG\u00d3GICAS DIGITALES PARA LAS ESCUELAS<\/h1>\n<p>[\/et_pb_text][et_pb_image src=\u00bbhttp:\/\/www.d-paideia.eu\/wp-content\/uploads\/2023\/05\/online-classroom-16.png\u00bb title_text=\u00bbonline-classroom-16&#8243; _builder_version=\u00bb4.21.0&#8243; _module_preset=\u00bbdefault\u00bb global_colors_info=\u00bb{}\u00bb][\/et_pb_image][\/et_pb_column][\/et_pb_row][et_pb_row _builder_version=\u00bb4.21.0&#8243; _module_preset=\u00bbdefault\u00bb max_width=\u00bb1200px\u00bb locked=\u00bboff\u00bb global_colors_info=\u00bb{}\u00bb][et_pb_column type=\u00bb4_4&#8243; _builder_version=\u00bb4.21.0&#8243; _module_preset=\u00bbdefault\u00bb global_colors_info=\u00bb{}\u00bb][et_pb_icon font_icon=\u00bb\uf0ad||fa||900&#8243; icon_color=\u00bb#E09900&#8243; icon_width=\u00bb46px\u00bb _builder_version=\u00bb4.21.0&#8243; _module_preset=\u00bbdefault\u00bb global_colors_info=\u00bb{}\u00bb][\/et_pb_icon][et_pb_text _builder_version=\u00bb4.21.0&#8243; _module_preset=\u00bbdefault\u00bb custom_padding=\u00bb||100px||false|false\u00bb hover_enabled=\u00bb0&#8243; global_colors_info=\u00bb{}\u00bb sticky_enabled=\u00bb0&#8243;]<\/p>\n<h1 style=\"text-align: center;\">P\u00e1gina en construcci\u00f3n&#8230;<\/h1>\n<p style=\"text-align: center;\">Est\u00e9 atento para m\u00e1s informaci\u00f3n.<\/p>\n<p>[\/et_pb_text][\/et_pb_column][\/et_pb_row][\/et_pb_section]<\/p>\n","protected":false},"excerpt":{"rendered":"<p>ESTRATEGIAS PEDAG\u00d3GICAS DIGITALES PARA LAS ESCUELASP\u00e1gina en construcci\u00f3n&#8230; Est\u00e9 atento para m\u00e1s informaci\u00f3n.<\/p>\n","protected":false},"author":1,"featured_media":0,"parent":0,"menu_order":0,"comment_status":"closed","ping_status":"closed","template":"","meta":{"_acf_changed":false,"_et_pb_use_builder":"on","_et_pb_old_content":"","_et_gb_content_width":"","footnotes":""},"class_list":["post-1567","page","type-page","status-publish","hentry"],"acf":[],"_links":{"self":[{"href":"https:\/\/www.d-paideia.eu\/es\/wp-json\/wp\/v2\/pages\/1567","targetHints":{"allow":["GET"]}}],"collection":[{"href":"https:\/\/www.d-paideia.eu\/es\/wp-json\/wp\/v2\/pages"}],"about":[{"href":"https:\/\/www.d-paideia.eu\/es\/wp-json\/wp\/v2\/types\/page"}],"author":[{"embeddable":true,"href":"https:\/\/www.d-paideia.eu\/es\/wp-json\/wp\/v2\/users\/1"}],"replies":[{"embeddable":true,"href":"https:\/\/www.d-paideia.eu\/es\/wp-json\/wp\/v2\/comments?post=1567"}],"version-history":[{"count":0,"href":"https:\/\/www.d-paideia.eu\/es\/wp-json\/wp\/v2\/pages\/1567\/revisions"}],"wp:attachment":[{"href":"https:\/\/www.d-paideia.eu\/es\/wp-json\/wp\/v2\/media?parent=1567"}],"curies":[{"name":"wp","href":"https:\/\/api.w.org\/{rel}","templated":true}]}}