{"id":1559,"date":"2023-08-23T10:24:36","date_gmt":"2023-08-23T10:24:36","guid":{"rendered":"https:\/\/www.d-paideia.eu\/recomendaciones-politicas\/"},"modified":"2023-08-23T10:24:36","modified_gmt":"2023-08-23T10:24:36","slug":"recomendaciones-politicas","status":"publish","type":"page","link":"https:\/\/www.d-paideia.eu\/es\/recomendaciones-politicas\/","title":{"rendered":"RECOMENDACIONES POL\u00cdTICAS"},"content":{"rendered":"<p>[et_pb_section fb_built=\u00bb1&#8243; _builder_version=\u00bb4.21.0&#8243; _module_preset=\u00bbdefault\u00bb global_colors_info=\u00bb{}\u00bb][et_pb_row _builder_version=\u00bb4.21.0&#8243; _module_preset=\u00bbdefault\u00bb max_width=\u00bb1200px\u00bb global_colors_info=\u00bb{}\u00bb][et_pb_column type=\u00bb4_4&#8243; _builder_version=\u00bb4.21.0&#8243; _module_preset=\u00bbdefault\u00bb global_colors_info=\u00bb{}\u00bb][et_pb_text _builder_version=\u00bb4.21.0&#8243; _module_preset=\u00bbdefault\u00bb text_font_size=\u00bb18px\u00bb max_width=\u00bb860px\u00bb text_font_size_tablet=\u00bb16px\u00bb text_font_size_phone=\u00bb14px\u00bb text_font_size_last_edited=\u00bbon|desktop\u00bb header_font_phone=\u00bb|800|||||||\u00bb header_font_last_edited=\u00bboff|phone\u00bb header_font_size_tablet=\u00bb32px\u00bb header_font_size_phone=\u00bb26px\u00bb header_font_size_last_edited=\u00bbon|phone\u00bb global_colors_info=\u00bb{}\u00bb]<\/p>\n<h1>RECOMENDACIONES POL\u00cdTICAS<\/h1>\n<p>[\/et_pb_text][et_pb_image src=\u00bbhttp:\/\/www.d-paideia.eu\/wp-content\/uploads\/2023\/05\/online-classroom-24.png\u00bb title_text=\u00bbonline-classroom-24&#8243; _builder_version=\u00bb4.21.0&#8243; _module_preset=\u00bbdefault\u00bb global_colors_info=\u00bb{}\u00bb][\/et_pb_image][\/et_pb_column][\/et_pb_row][et_pb_row column_structure=\u00bb3_5,2_5&#8243; _builder_version=\u00bb4.21.0&#8243; _module_preset=\u00bbdefault\u00bb max_width=\u00bb1200px\u00bb hover_enabled=\u00bb0&#8243; global_colors_info=\u00bb{}\u00bb sticky_enabled=\u00bb0&#8243;][et_pb_column type=\u00bb3_5&#8243; _builder_version=\u00bb4.21.0&#8243; _module_preset=\u00bbdefault\u00bb background_image=\u00bbhttp:\/\/www.d-paideia.eu\/wp-content\/uploads\/2023\/05\/online-classroom-22.jpg\u00bb custom_padding=\u00bb50px|50px|50px|50px|true|true\u00bb custom_css_main_element=\u00bbbox-shadow: 2.6654322147369385px 2.6654322147369385px 2.6654322147369385px 0px rgba(0, 0, 0, 0.20);\u00bb border_radii=\u00bbon|20px|20px|20px|20px\u00bb global_colors_info=\u00bb{}\u00bb][et_pb_text _builder_version=\u00bb4.21.0&#8243; _module_preset=\u00bbdefault\u00bb text_text_color=\u00bb#202020&#8243; text_line_height=\u00bb2em\u00bb max_width=\u00bb860px\u00bb text_font_size_tablet=\u00bb16px\u00bb text_font_size_phone=\u00bb14px\u00bb text_font_size_last_edited=\u00bbon|desktop\u00bb header_font_phone=\u00bb|800|||||||\u00bb header_font_last_edited=\u00bboff|phone\u00bb header_font_size_tablet=\u00bb32px\u00bb header_font_size_phone=\u00bb26px\u00bb header_font_size_last_edited=\u00bbon|phone\u00bb global_colors_info=\u00bb{}\u00bb]<\/p>\n<p><strong>Una vez finalizado el proyecto<\/strong>, el consorcio elaborar\u00e1 un documento de recomendaciones pol\u00edticas a partir de las ense\u00f1anzas extra\u00eddas del proyecto, en el que se describir\u00e1n todas las actividades, retos, metodolog\u00edas, obst\u00e1culos, etc. El documento se remitir\u00e1 a las instituciones locales y nacionales, a la Comisi\u00f3n Europea y se publicar\u00e1 en Internet.<\/p>\n<p><strong>Este documento se remitir\u00e1<\/strong> a las instituciones locales y nacionales, a la Comisi\u00f3n Europea y se publicar\u00e1 en l\u00ednea. El documento final de recomendaciones pol\u00edticas tambi\u00e9n ayudar\u00e1 a quienes busquen sobre este tema u otros relacionados a obtener un aprendizaje de primera mano, ya que todo lo que se publique a trav\u00e9s de este proyecto estar\u00e1 en un lenguaje f\u00e1cil de entender y ser\u00e1 gratuito.<\/p>\n<p>L<strong>a Recomendaci\u00f3n pol\u00edtica<\/strong> orientar\u00e1 sobre c\u00f3mo desarrollar y utilizar el modelo de animaci\u00f3n cibern\u00e9tica y difundir este modelo a nivel pol\u00edtico para mejorar la participaci\u00f3n de los j\u00f3venes en las instituciones locales. Los responsables pol\u00edticos de todos los niveles van a participar desde el principio del proyecto en las distintas actividades para garantizar que el proyecto tenga un impacto a nivel sist\u00e9mico.Van a participar en conferencias sobre pol\u00edticas, se van a desarrollar y seguir recomendaciones pol\u00edticas, etc. La composici\u00f3n del consorcio garantiza un buen acceso al nivel pol\u00edtico.<\/p>\n<p>[\/et_pb_text][\/et_pb_column][et_pb_column type=\u00bb2_5&#8243; _builder_version=\u00bb4.21.0&#8243; _module_preset=\u00bbdefault\u00bb global_colors_info=\u00bb{}\u00bb custom_css_main_element=\u00bbbox-shadow: 2.6654322147369385px 2.6654322147369385px 2.6654322147369385px 0px rgba(0, 0, 0, 0.20);\u00bb border_radii=\u00bbon|20px|20px|20px|20px\u00bb][et_pb_image src=\u00bbhttp:\/\/www.d-paideia.eu\/wp-content\/uploads\/2023\/08\/pexels-julia-m-cameron-4144097-scaled.jpg\u00bb _builder_version=\u00bb4.21.0&#8243; _module_preset=\u00bbdefault\u00bb title_text=\u00bbpexels-julia-m-cameron-4144097&#8243; hover_enabled=\u00bb0&#8243; sticky_enabled=\u00bb0&#8243;][\/et_pb_image][\/et_pb_column][\/et_pb_row][\/et_pb_section]<\/p>\n","protected":false},"excerpt":{"rendered":"<p>RECOMENDACIONES POL\u00cdTICASUna vez finalizado el proyecto, el consorcio elaborar\u00e1 un documento de recomendaciones pol\u00edticas a partir de las ense\u00f1anzas extra\u00eddas del proyecto, en el que se describir\u00e1n todas las actividades, retos, metodolog\u00edas, obst\u00e1culos, etc. El documento se remitir\u00e1 a las instituciones locales y nacionales, a la Comisi\u00f3n Europea y se publicar\u00e1 en Internet. Este documento [&hellip;]<\/p>\n","protected":false},"author":1,"featured_media":0,"parent":0,"menu_order":0,"comment_status":"closed","ping_status":"closed","template":"","meta":{"_acf_changed":false,"_et_pb_use_builder":"on","_et_pb_old_content":"","_et_gb_content_width":"","footnotes":""},"class_list":["post-1559","page","type-page","status-publish","hentry"],"acf":[],"_links":{"self":[{"href":"https:\/\/www.d-paideia.eu\/es\/wp-json\/wp\/v2\/pages\/1559","targetHints":{"allow":["GET"]}}],"collection":[{"href":"https:\/\/www.d-paideia.eu\/es\/wp-json\/wp\/v2\/pages"}],"about":[{"href":"https:\/\/www.d-paideia.eu\/es\/wp-json\/wp\/v2\/types\/page"}],"author":[{"embeddable":true,"href":"https:\/\/www.d-paideia.eu\/es\/wp-json\/wp\/v2\/users\/1"}],"replies":[{"embeddable":true,"href":"https:\/\/www.d-paideia.eu\/es\/wp-json\/wp\/v2\/comments?post=1559"}],"version-history":[{"count":0,"href":"https:\/\/www.d-paideia.eu\/es\/wp-json\/wp\/v2\/pages\/1559\/revisions"}],"wp:attachment":[{"href":"https:\/\/www.d-paideia.eu\/es\/wp-json\/wp\/v2\/media?parent=1559"}],"curies":[{"name":"wp","href":"https:\/\/api.w.org\/{rel}","templated":true}]}}