{"id":1558,"date":"2023-05-28T14:55:27","date_gmt":"2023-05-28T14:55:27","guid":{"rendered":"https:\/\/www.d-paideia.eu\/iniciativas-eu\/"},"modified":"2023-05-28T14:55:27","modified_gmt":"2023-05-28T14:55:27","slug":"iniciativas-eu","status":"publish","type":"page","link":"https:\/\/www.d-paideia.eu\/es\/iniciativas-eu\/","title":{"rendered":"INICIATIVAS EU"},"content":{"rendered":"<p>[et_pb_section fb_built=\u00bb1&#8243; next_background_color=\u00bb#ffffff\u00bb admin_label=\u00bbHeader\u00bb _builder_version=\u00bb4.16&#8243; _module_preset=\u00bbdefault\u00bb background_image=\u00bbhttp:\/\/www.d-paideia.eu\/wp-content\/uploads\/2023\/05\/online-classroom-41.jpg\u00bb custom_padding=\u00bb||4vw||false|false\u00bb bottom_divider_style=\u00bbmountains\u00bb bottom_divider_height=\u00bb5vw\u00bb bottom_divider_flip=\u00bbhorizontal\u00bb locked=\u00bboff\u00bb global_colors_info=\u00bb{}\u00bb][et_pb_row column_structure=\u00bb3_5,2_5&#8243; _builder_version=\u00bb4.16&#8243; _module_preset=\u00bbdefault\u00bb custom_margin=\u00bb||||false|false\u00bb global_colors_info=\u00bb{}\u00bb][et_pb_column type=\u00bb3_5&#8243; _builder_version=\u00bb4.16&#8243; _module_preset=\u00bbdefault\u00bb global_colors_info=\u00bb{}\u00bb][et_pb_text _builder_version=\u00bb4.17.4&#8243; _module_preset=\u00bbaed3cb7f-4ed6-4545-853e-12cf16a8e39e\u00bb header_font=\u00bbCandal||||||||\u00bb header_text_color=\u00bb#FFFFFF\u00bb header_font_size=\u00bb60px\u00bb header_line_height=\u00bb1.2em\u00bb background_layout=\u00bbdark\u00bb custom_margin=\u00bb||16px||false|false\u00bb header_font_size_tablet=\u00bb36px\u00bb header_font_size_phone=\u00bb24px\u00bb header_font_size_last_edited=\u00bbon|phone\u00bb global_colors_info=\u00bb{}\u00bb]<\/p>\n<h1>INICIATIVAS EU<\/h1>\n<p>[\/et_pb_text][et_pb_image src=\u00bbhttp:\/\/www.d-paideia.eu\/wp-content\/uploads\/2023\/05\/online-classroom-02.png\u00bb title_text=\u00bbonline-classroom-02&#8243; _builder_version=\u00bb4.16&#8243; _module_preset=\u00bbdefault\u00bb custom_margin=\u00bb||||false|false\u00bb locked=\u00bboff\u00bb global_colors_info=\u00bb{}\u00bb][\/et_pb_image][\/et_pb_column][et_pb_column type=\u00bb2_5&#8243; _builder_version=\u00bb4.16&#8243; _module_preset=\u00bbdefault\u00bb global_colors_info=\u00bb{}\u00bb][et_pb_image src=\u00bbhttp:\/\/www.d-paideia.eu\/wp-content\/uploads\/2023\/05\/online-classroom-43.png\u00bb title_text=\u00bbonline-classroom-43&#8243; _builder_version=\u00bb4.16&#8243; _module_preset=\u00bbdefault\u00bb max_height_tablet=\u00bb200px\u00bb max_height_phone=\u00bb100px\u00bb max_height_last_edited=\u00bbon|tablet\u00bb custom_margin=\u00bb|-8vw|-8vw||false|false\u00bb custom_margin_tablet=\u00bb|0vw|||false|false\u00bb custom_margin_phone=\u00bb\u00bb custom_margin_last_edited=\u00bbon|tablet\u00bb locked=\u00bboff\u00bb global_colors_info=\u00bb{}\u00bb][\/et_pb_image][\/et_pb_column][\/et_pb_row][\/et_pb_section][et_pb_section fb_built=\u00bb1&#8243; admin_label=\u00bbContent\u00bb _builder_version=\u00bb4.16&#8243; _module_preset=\u00bbdefault\u00bb global_colors_info=\u00bb{}\u00bb][et_pb_row _builder_version=\u00bb4.21.0&#8243; _module_preset=\u00bbdefault\u00bb custom_margin=\u00bb||||false|false\u00bb custom_padding=\u00bb150px||150px|5%|true|false\u00bb global_colors_info=\u00bb{}\u00bb][et_pb_column type=\u00bb4_4&#8243; _builder_version=\u00bb4.16&#8243; _module_preset=\u00bbdefault\u00bb global_colors_info=\u00bb{}\u00bb][et_pb_image src=\u00bbhttp:\/\/www.d-paideia.eu\/wp-content\/uploads\/2023\/05\/deap-banner-1200&#215;675-1.jpg\u00bb title_text=\u00bbdeap-banner\u00bb _builder_version=\u00bb4.17.4&#8243; _module_preset=\u00bbdefault\u00bb global_colors_info=\u00bb{}\u00bb][\/et_pb_image][et_pb_text ul_position=\u00bbinside\u00bb ul_item_indent=\u00bb30px\u00bb quote_border_weight=\u00bb10px\u00bb quote_border_color=\u00bb#4350ff\u00bb ul_item_indent_tablet=\u00bb\u00bb ul_item_indent_phone=\u00bb0px\u00bb ul_item_indent_last_edited=\u00bbon|phone\u00bb _builder_version=\u00bb4.17.4&#8243; _module_preset=\u00bbaed3cb7f-4ed6-4545-853e-12cf16a8e39e\u00bb text_font=\u00bbMontserrat|500|||||||\u00bb text_text_color=\u00bbrgba(0,0,0,0.6)\u00bb text_font_size=\u00bb16px\u00bb text_line_height=\u00bb1.8em\u00bb ul_line_height=\u00bb2em\u00bb quote_font=\u00bb||on||||||\u00bb quote_font_size=\u00bb24px\u00bb quote_line_height=\u00bb4.5em\u00bb text_font_size_tablet=\u00bb15px\u00bb text_font_size_phone=\u00bb14px\u00bb text_font_size_last_edited=\u00bbon|desktop\u00bb quote_font_size_tablet=\u00bb18px\u00bb quote_font_size_phone=\u00bb14px\u00bb quote_font_size_last_edited=\u00bbon|desktop\u00bb global_colors_info=\u00bb{%22gcid-1a1ef5e7-0e56-426b-aff4-02aa800905cc%22:%91%93}\u00bb]<\/p>\n<h2><strong>Enlace con las pol\u00edticas e iniciativas de la UE<\/strong><\/h2>\n<p>Esta idea de proyecto est\u00e1 muy vinculada a las pol\u00edticas e iniciativas de la UE porque pretende actualizar y fomentar una herramienta de la UE, DigCompEdu, se basa en los resultados de la investigaci\u00f3n desarrollada por la Comisi\u00f3n Europea (en la que algunos miembros del personal del consorcio han contribuido como investigadores) y tambi\u00e9n est\u00e1 muy vinculada al <strong>D<\/strong><strong>igi<\/strong><strong>t<\/strong><strong>a<\/strong><strong>l Education Action Plan (2021-<\/strong><strong>2027<\/strong><strong>),<\/strong> especialmente a la Prioridad Estrat\u00e9gica 1, Fomentar el desarrollo de un ecosistema de educaci\u00f3n digital de alto rendimiento. All\u00ed se menciona que \u00abLos contenidos educativos digitales y la formaci\u00f3n en competencias digitales -incluidos los m\u00e9todos de ense\u00f1anza digital- ser\u00e1n esenciales para el personal\u00bb y tambi\u00e9n que \u00abLa planificaci\u00f3n y el desarrollo de una capacidad digital eficaz son vitales para los sistemas de educaci\u00f3n y formaci\u00f3n\u00bb. El proyecto aborda ambas prioridades, la primera a trav\u00e9s del desarrollo de un marco de cualificaciones, basado en <strong>DigCompEd<\/strong>u, y la segunda mediante el apoyo al desarrollo de Estrategias de Desarrollo Pedag\u00f3gico Digital a nivel de instituci\u00f3n educativa.<\/p>\n<h2><strong>Objeto y \u00e1mbito de aplicaci\u00f3n<\/strong><\/h2>\n<p>La propuesta aborda claramente la prioridad 1 del LOT1 \u00abApoyar una educaci\u00f3n digital inclusiva y de alta calidad, en l\u00ednea con el Plan de Acci\u00f3n de Educaci\u00f3n Digital\u00bb. Su objetivo es capacitar a los educadores para desplegar h\u00e1bilmente la tecnolog\u00eda digital con el fin de ser capaz de apoyar la educaci\u00f3n de alta calidad e inclusiva para todos los estudiantes, apoy\u00e1ndolos para hacer frente a los problemas reales que se hicieron evidentes durante la pandemia y obstaculizaron tanto la calidad como la inclusividad de la educaci\u00f3n. Tambi\u00e9n pretende apoyar a las instituciones educativas, especialmente a las que acogen a los alumnos m\u00e1s vulnerables, para que desarrollen, revisen y actualicen estrategias de desarrollo digital a nivel de instituci\u00f3n educativa mediante el uso de un enfoque escolar integral.<\/p>\n<p>M\u00e1s concretamente, el proyecto aborda el \u00e1rea 1) Factores clave del \u00e9xito para una educaci\u00f3n y formaci\u00f3n digital inclusiva y de alta calidad. Teniendo en cuenta todos los factores interrelacionados, el proyecto se centra en factores espec\u00edficos surgidos de la experiencia de la pandemia, como la necesidad de desarrollar las competencias digitales pedag\u00f3gicas de los profesores, el apoyo al desarrollo social y emocional de los alumnos en un entorno digital, la promoci\u00f3n del bienestar digital de profesores y alumnos, etc.<\/p>\n<p>Estos factores se examinar\u00e1n tanto a nivel local (mediante el desarrollo de estrategias digitales a nivel de las instituciones educativas) como a trav\u00e9s del examen de otros factores, incluidos los planes de estudios y los enfoques de la formaci\u00f3n del profesorado, las directrices de las autoridades educativas, etc.<\/p>\n<p>[\/et_pb_text][\/et_pb_column][\/et_pb_row][\/et_pb_section][et_pb_section fb_built=\u00bb1&#8243; admin_label=\u00bbBlog\u00bb _builder_version=\u00bb4.21.0&#8243; _module_preset=\u00bbdefault\u00bb custom_padding=\u00bb0px|||5%|false|false\u00bb global_colors_info=\u00bb{}\u00bb][et_pb_row column_structure=\u00bb1_2,1_2&#8243; make_equal=\u00bbon\u00bb _builder_version=\u00bb4.21.0&#8243; _module_preset=\u00bbdefault\u00bb max_width_tablet=\u00bb500px\u00bb max_width_phone=\u00bb500px\u00bb max_width_last_edited=\u00bboff|desktop\u00bb custom_margin=\u00bb||||false|false\u00bb custom_padding=\u00bb50px||50px||true|false\u00bb animation_style=\u00bbslide\u00bb animation_direction=\u00bbbottom\u00bb animation_duration=\u00bb500ms\u00bb animation_starting_opacity=\u00bb100%\u00bb animation_speed_curve=\u00bbease\u00bb hover_enabled=\u00bb0&#8243; module_alignment_tablet=\u00bbcenter\u00bb module_alignment_phone=\u00bbcenter\u00bb module_alignment_last_edited=\u00bboff|desktop\u00bb border_radii=\u00bbon|10px|10px|10px|10px\u00bb border_width_all=\u00bb2px\u00bb border_color_all=\u00bb#E55531&#8243; global_colors_info=\u00bb{}\u00bb sticky_enabled=\u00bb0&#8243;][et_pb_column type=\u00bb1_2&#8243; _builder_version=\u00bb4.16&#8243; _module_preset=\u00bbdefault\u00bb global_colors_info=\u00bb{}\u00bb][et_pb_text _builder_version=\u00bb4.21.0&#8243; _module_preset=\u00bbaed3cb7f-4ed6-4545-853e-12cf16a8e39e\u00bb header_2_font=\u00bbCandal||||||||\u00bb header_2_text_color=\u00bb#000000&#8243; header_2_font_size=\u00bb25px\u00bb header_2_line_height=\u00bb1.2em\u00bb header_2_font_size_tablet=\u00bb30px\u00bb header_2_font_size_phone=\u00bb20px\u00bb header_2_font_size_last_edited=\u00bbon|desktop\u00bb global_colors_info=\u00bb{}\u00bb]<\/p>\n<h2 style=\"text-align: center;\">Digital Education Action Plan<\/h2>\n<p>[\/et_pb_text][et_pb_button button_url=\u00bbhttps:\/\/education.ec.europa.eu\/focus-topics\/digital-education\/action-plan\u00bb button_text=\u00bbView Initiative\u00bb button_alignment=\u00bbcenter\u00bb _builder_version=\u00bb4.17.4&#8243; _module_preset=\u00bbdefault\u00bb custom_button=\u00bbon\u00bb button_text_size=\u00bb14px\u00bb button_text_color=\u00bb#FFFFFF\u00bb button_bg_color=\u00bb#E55531&#8243; button_border_width=\u00bb0px\u00bb button_border_radius=\u00bb0px\u00bb button_font=\u00bbCandal||||||||\u00bb button_icon=\u00bbE||divi||400&#8243; custom_padding=\u00bb14px|24px|14px|24px|true|true\u00bb custom_padding_tablet=\u00bb\u00bb custom_padding_phone=\u00bb|30px||30px|true|true\u00bb custom_padding_last_edited=\u00bbon|phone\u00bb button_text_size_tablet=\u00bb16px\u00bb button_text_size_phone=\u00bb14px\u00bb button_text_size_last_edited=\u00bbon|desktop\u00bb global_colors_info=\u00bb{}\u00bb][\/et_pb_button][\/et_pb_column][et_pb_column type=\u00bb1_2&#8243; _builder_version=\u00bb4.17.4&#8243; _module_preset=\u00bbdefault\u00bb custom_css_main_element=\u00bbdisplay: flex;||flex-direction: column;||justify-content: space-between;\u00bb global_colors_info=\u00bb{}\u00bb][et_pb_text _builder_version=\u00bb4.21.0&#8243; _module_preset=\u00bbaed3cb7f-4ed6-4545-853e-12cf16a8e39e\u00bb header_2_font=\u00bbCandal||||||||\u00bb header_2_text_color=\u00bb#000000&#8243; header_2_font_size=\u00bb25px\u00bb header_2_line_height=\u00bb1.2em\u00bb header_2_font_size_tablet=\u00bb30px\u00bb header_2_font_size_phone=\u00bb20px\u00bb header_2_font_size_last_edited=\u00bbon|tablet\u00bb global_colors_info=\u00bb{}\u00bb]<\/p>\n<h2 style=\"text-align: center;\">DigCompEdu<\/h2>\n<p>[\/et_pb_text][et_pb_button button_url=\u00bbhttps:\/\/joint-research-centre.ec.europa.eu\/digcompedu_en\u00bb button_text=\u00bbView Initiative\u00bb button_alignment=\u00bbcenter\u00bb _builder_version=\u00bb4.17.4&#8243; _module_preset=\u00bbdefault\u00bb custom_button=\u00bbon\u00bb button_text_size=\u00bb14px\u00bb button_text_color=\u00bb#FFFFFF\u00bb button_bg_color=\u00bb#E55531&#8243; button_border_width=\u00bb0px\u00bb button_border_radius=\u00bb0px\u00bb button_font=\u00bbCandal||||||||\u00bb button_icon=\u00bbE||divi||400&#8243; custom_padding=\u00bb14px|24px|14px|24px|true|true\u00bb custom_padding_tablet=\u00bb\u00bb custom_padding_phone=\u00bb|30px||30px|true|true\u00bb custom_padding_last_edited=\u00bbon|phone\u00bb button_text_size_tablet=\u00bb16px\u00bb button_text_size_phone=\u00bb14px\u00bb button_text_size_last_edited=\u00bbon|desktop\u00bb global_colors_info=\u00bb{}\u00bb][\/et_pb_button][\/et_pb_column][\/et_pb_row][\/et_pb_section]<\/p>\n","protected":false},"excerpt":{"rendered":"<p>INICIATIVAS EUEnlace con las pol\u00edticas e iniciativas de la UE Esta idea de proyecto est\u00e1 muy vinculada a las pol\u00edticas e iniciativas de la UE porque pretende actualizar y fomentar una herramienta de la UE, DigCompEdu, se basa en los resultados de la investigaci\u00f3n desarrollada por la Comisi\u00f3n Europea (en la que algunos miembros del [&hellip;]<\/p>\n","protected":false},"author":1,"featured_media":0,"parent":0,"menu_order":0,"comment_status":"closed","ping_status":"closed","template":"","meta":{"_acf_changed":false,"_et_pb_use_builder":"on","_et_pb_old_content":"","_et_gb_content_width":"","footnotes":""},"class_list":["post-1558","page","type-page","status-publish","hentry"],"acf":[],"_links":{"self":[{"href":"https:\/\/www.d-paideia.eu\/es\/wp-json\/wp\/v2\/pages\/1558","targetHints":{"allow":["GET"]}}],"collection":[{"href":"https:\/\/www.d-paideia.eu\/es\/wp-json\/wp\/v2\/pages"}],"about":[{"href":"https:\/\/www.d-paideia.eu\/es\/wp-json\/wp\/v2\/types\/page"}],"author":[{"embeddable":true,"href":"https:\/\/www.d-paideia.eu\/es\/wp-json\/wp\/v2\/users\/1"}],"replies":[{"embeddable":true,"href":"https:\/\/www.d-paideia.eu\/es\/wp-json\/wp\/v2\/comments?post=1558"}],"version-history":[{"count":0,"href":"https:\/\/www.d-paideia.eu\/es\/wp-json\/wp\/v2\/pages\/1558\/revisions"}],"wp:attachment":[{"href":"https:\/\/www.d-paideia.eu\/es\/wp-json\/wp\/v2\/media?parent=1558"}],"curies":[{"name":"wp","href":"https:\/\/api.w.org\/{rel}","templated":true}]}}