{"id":1902,"date":"2024-05-13T15:42:18","date_gmt":"2024-05-13T15:42:18","guid":{"rendered":"https:\/\/www.d-paideia.eu\/action-synergy-sa\/"},"modified":"2024-05-13T15:42:18","modified_gmt":"2024-05-13T15:42:18","slug":"action-synergy-sa","status":"publish","type":"page","link":"https:\/\/www.d-paideia.eu\/ca\/action-synergy-sa\/","title":{"rendered":"ACTION SYNERGY SA"},"content":{"rendered":"<p>[et_pb_section fb_built=&#8221;1&#8243; admin_label=&#8221;About&#8221; _builder_version=&#8221;4.16&#8243; _module_preset=&#8221;default&#8221; global_colors_info=&#8221;{}&#8221; locked=&#8221;off&#8221; theme_builder_area=&#8221;post_content&#8221;][et_pb_row column_structure=&#8221;3_4,1_4&#8243; _builder_version=&#8221;4.21.0&#8243; _module_preset=&#8221;default&#8221; max_width=&#8221;1200px&#8221; custom_css_main_element=&#8221;display: flex;||flex-direction: row;||justify-content: center;&#8221; global_colors_info=&#8221;{}&#8221; theme_builder_area=&#8221;post_content&#8221;][et_pb_column type=&#8221;3_4&#8243; _builder_version=&#8221;4.17.4&#8243; _module_preset=&#8221;default&#8221; custom_padding=&#8221;||||false|false&#8221; custom_padding_tablet=&#8221;0vw||5vw||false|false&#8221; custom_padding_phone=&#8221;&#8221; custom_padding_last_edited=&#8221;on|desktop&#8221; global_colors_info=&#8221;{}&#8221; theme_builder_area=&#8221;post_content&#8221;][et_pb_post_title meta=&#8221;off&#8221; featured_image=&#8221;off&#8221; _builder_version=&#8221;4.21.0&#8243; _module_preset=&#8221;default&#8221; title_font=&#8221;Candal|700|||||||&#8221; title_text_color=&#8221;#e55531&#8243; title_font_size=&#8221;50px&#8221; title_line_height=&#8221;1.8em&#8221; global_colors_info=&#8221;{}&#8221; theme_builder_area=&#8221;post_content&#8221;][\/et_pb_post_title][et_pb_image src=&#8221;http:\/\/www.d-paideia.eu\/wp-content\/uploads\/2023\/05\/online-classroom-03.png&#8221; title_text=&#8221;online-classroom-03&#8243; _builder_version=&#8221;4.16&#8243; _module_preset=&#8221;default&#8221; global_colors_info=&#8221;{}&#8221; theme_builder_area=&#8221;post_content&#8221;][\/et_pb_image][et_pb_text _builder_version=&#8221;4.21.0&#8243; _module_preset=&#8221;0ad39c0a-2960-48b3-a197-cb5d910e17ab&#8221; text_font=&#8221;Montserrat|500|||||||&#8221; text_text_color=&#8221;rgba(0,0,0,0.6)&#8221; text_font_size=&#8221;16px&#8221; text_line_height=&#8221;1.8em&#8221; hover_enabled=&#8221;0&#8243; text_font_size_tablet=&#8221;15px&#8221; text_font_size_phone=&#8221;14px&#8221; text_font_size_last_edited=&#8221;on|desktop&#8221; global_colors_info=&#8221;{}&#8221; theme_builder_area=&#8221;post_content&#8221; sticky_enabled=&#8221;0&#8243;]<\/p>\n<p><span>El coordinador<\/span>, <b>Action Synerg<span>y<\/span><\/b> <span>de Gr\u00e8cia, \u00e9s una organitzaci\u00f3 de formaci\u00f3 i aplicacions basades en el coneixement que participa activament en el desenvolupament de tecnologies educatives, metodologies de formaci\u00f3 i organitzaci\u00f3 de cursos de formaci\u00f3 del professorat. T\u00e9 una \u00e0mplia experi\u00e8ncia en la coordinaci\u00f3 de projectes d&#8217;innovaci\u00f3 pol\u00edtica Erasmus+ KA3, ja que ha coordinat 3 projectes destinats a millorar la inclusi\u00f3 social a les aules (<\/span><a href=\"https:\/\/sedin-project.eu\/\"><span>https:\/\/sedin-project.eu\/<\/span> <span>, <\/span> <span> <\/span><\/a><a href=\"https:\/\/www.ear-citizen.eu\/\"><span>https:\/\/www.ear-citizen.eu\/<\/span> <span>,<\/span><\/a><span> <\/span><a href=\"http:\/\/www.diverse-education.eu\/\"><span>http:\/\/www.diverse-education.eu\/<\/span><span>)<\/span><\/a><span> i participa com a soci en 3 projectes KA3 m\u00e9s en el mateix \u00e0mbit. Treballa en el camp de la cooperaci\u00f3 europea en educaci\u00f3 i formaci\u00f3 des del 1987. El seu treball se centra principalment en el desenvolupament d&#8217;activitats educatives per a la inclusi\u00f3 social de grups vulnerables i la formaci\u00f3 de professors en m\u00e8todes innovadors i inclusius. L&#8217;\u00faltim any, <\/span><span>m\u00e9s de 1.000 professors grecs i estrangers han participat als seminaris organitzats per Action Synergy.<\/span><\/p>\n<p>[\/et_pb_text][\/et_pb_column][et_pb_column type=&#8221;1_4&#8243; _builder_version=&#8221;4.21.0&#8243; _module_preset=&#8221;default&#8221; custom_css_main_element=&#8221;display: flex;||flex-direction: column;||justify-content: center;&#8221; global_colors_info=&#8221;{}&#8221; theme_builder_area=&#8221;post_content&#8221;][et_pb_image src=&#8221;http:\/\/www.d-paideia.eu\/wp-content\/uploads\/2023\/05\/LOGO-300-X121-e1441012394793.png&#8221; align=&#8221;center&#8221; _builder_version=&#8221;4.21.0&#8243; _module_preset=&#8221;default&#8221; custom_margin=&#8221;||||false|false&#8221; hover_enabled=&#8221;0&#8243; global_colors_info=&#8221;{}&#8221; theme_builder_area=&#8221;post_content&#8221; title_text=&#8221;LOGO-300-X121-e1441012394793&#8243; sticky_enabled=&#8221;0&#8243;][\/et_pb_image][et_pb_text _builder_version=&#8221;4.17.4&#8243; _module_preset=&#8221;0ad39c0a-2960-48b3-a197-cb5d910e17ab&#8221; global_colors_info=&#8221;{}&#8221; theme_builder_area=&#8221;post_content&#8221;]<\/p>\n<h3 style=\"text-align: center;\">Learn more about us:<\/h3>\n<p>[\/et_pb_text][et_pb_button button_url=&#8221;https:\/\/action.gr\/&#8221; button_text=&#8221;Website&#8221; button_alignment=&#8221;center&#8221; _builder_version=&#8221;4.21.0&#8243; _module_preset=&#8221;default&#8221; custom_button=&#8221;on&#8221; button_text_size=&#8221;14px&#8221; button_text_color=&#8221;#FFFFFF&#8221; button_bg_color=&#8221;#e55531&#8243; button_border_width=&#8221;0px&#8221; button_border_radius=&#8221;0px&#8221; button_font=&#8221;Candal||||||||&#8221; button_icon=&#8221;E||divi||400&#8243; custom_padding=&#8221;14px|30px|14px|30px|true|true&#8221; custom_padding_tablet=&#8221;&#8221; custom_padding_phone=&#8221;|30px||30px|true|true&#8221; custom_padding_last_edited=&#8221;on|phone&#8221; hover_enabled=&#8221;0&#8243; button_text_size_tablet=&#8221;16px&#8221; button_text_size_phone=&#8221;14px&#8221; button_text_size_last_edited=&#8221;on|desktop&#8221; global_colors_info=&#8221;{}&#8221; theme_builder_area=&#8221;post_content&#8221; sticky_enabled=&#8221;0&#8243;][\/et_pb_button][et_pb_button button_url=&#8221;https:\/\/www.facebook.com\/ActionSynergySA&#8221; url_new_window=&#8221;on&#8221; button_text=&#8221;Facebook&#8221; button_alignment=&#8221;center&#8221; disabled_on=&#8221;off|off|off&#8221; _builder_version=&#8221;4.21.0&#8243; _module_preset=&#8221;default&#8221; custom_button=&#8221;on&#8221; button_text_size=&#8221;14px&#8221; button_text_color=&#8221;#FFFFFF&#8221; button_bg_color=&#8221;#e55531&#8243; button_border_width=&#8221;0px&#8221; button_border_radius=&#8221;0px&#8221; button_font=&#8221;Candal||||||||&#8221; button_icon=&#8221;E||divi||400&#8243; custom_padding=&#8221;14px|24px|14px|24px|true|true&#8221; custom_padding_tablet=&#8221;&#8221; custom_padding_phone=&#8221;|30px||30px|true|true&#8221; custom_padding_last_edited=&#8221;on|phone&#8221; hover_enabled=&#8221;0&#8243; button_text_size_tablet=&#8221;16px&#8221; button_text_size_phone=&#8221;14px&#8221; button_text_size_last_edited=&#8221;on|desktop&#8221; box_shadow_style=&#8221;preset3&#8243; global_colors_info=&#8221;{}&#8221; theme_builder_area=&#8221;post_content&#8221; sticky_enabled=&#8221;0&#8243;][\/et_pb_button][\/et_pb_column][\/et_pb_row][\/et_pb_section]<\/p>\n","protected":false},"excerpt":{"rendered":"<p>El coordinador, Action Synergy de Gr\u00e8cia, \u00e9s una organitzaci\u00f3 de formaci\u00f3 i aplicacions basades en el coneixement que participa activament en el desenvolupament de tecnologies educatives, metodologies de formaci\u00f3 i organitzaci\u00f3 de cursos de formaci\u00f3 del professorat. T\u00e9 una \u00e0mplia experi\u00e8ncia en la coordinaci\u00f3 de projectes d&#8217;innovaci\u00f3 pol\u00edtica Erasmus+ KA3, ja que ha coordinat 3 [&hellip;]<\/p>\n","protected":false},"author":1,"featured_media":0,"parent":0,"menu_order":0,"comment_status":"closed","ping_status":"closed","template":"","meta":{"_acf_changed":false,"_et_pb_use_builder":"on","_et_pb_old_content":"","_et_gb_content_width":"","footnotes":""},"class_list":["post-1902","page","type-page","status-publish","hentry"],"acf":[],"_links":{"self":[{"href":"https:\/\/www.d-paideia.eu\/ca\/wp-json\/wp\/v2\/pages\/1902","targetHints":{"allow":["GET"]}}],"collection":[{"href":"https:\/\/www.d-paideia.eu\/ca\/wp-json\/wp\/v2\/pages"}],"about":[{"href":"https:\/\/www.d-paideia.eu\/ca\/wp-json\/wp\/v2\/types\/page"}],"author":[{"embeddable":true,"href":"https:\/\/www.d-paideia.eu\/ca\/wp-json\/wp\/v2\/users\/1"}],"replies":[{"embeddable":true,"href":"https:\/\/www.d-paideia.eu\/ca\/wp-json\/wp\/v2\/comments?post=1902"}],"version-history":[{"count":0,"href":"https:\/\/www.d-paideia.eu\/ca\/wp-json\/wp\/v2\/pages\/1902\/revisions"}],"wp:attachment":[{"href":"https:\/\/www.d-paideia.eu\/ca\/wp-json\/wp\/v2\/media?parent=1902"}],"curies":[{"name":"wp","href":"https:\/\/api.w.org\/{rel}","templated":true}]}}