{"id":1578,"date":"2023-09-21T19:31:13","date_gmt":"2023-09-21T19:31:13","guid":{"rendered":"https:\/\/www.d-paideia.eu\/revisio-de-la-literatura\/"},"modified":"2023-09-21T19:31:13","modified_gmt":"2023-09-21T19:31:13","slug":"revisio-de-la-literatura","status":"publish","type":"page","link":"https:\/\/www.d-paideia.eu\/ca\/revisio-de-la-literatura\/","title":{"rendered":"REVISI\u00d3 DE LA LITERATURA"},"content":{"rendered":"<p>[et_pb_section fb_built=&#8221;1&#8243; custom_padding_last_edited=&#8221;on|tablet&#8221; admin_label=&#8221;About&#8221; _builder_version=&#8221;4.21.0&#8243; _module_preset=&#8221;default&#8221; custom_padding=&#8221;100px||||false|false&#8221; custom_padding_tablet=&#8221;0px||||false|false&#8221; custom_padding_phone=&#8221;0px||||false|false&#8221; locked=&#8221;off&#8221; global_colors_info=&#8221;{}&#8221;][et_pb_row _builder_version=&#8221;4.21.0&#8243; _module_preset=&#8221;default&#8221; max_width=&#8221;1200px&#8221; custom_padding=&#8221;0px||0px||true|false&#8221; custom_css_main_element=&#8221;display:flex;||flex-wrap:wrap;&#8221; global_colors_info=&#8221;{}&#8221;][et_pb_column type=&#8221;4_4&#8243; _builder_version=&#8221;4.21.0&#8243; _module_preset=&#8221;default&#8221; custom_css_main_element=&#8221;display:flex;||flex-wrap:wrap;||gap:20px;&#8221; global_colors_info=&#8221;{}&#8221;][et_pb_text _builder_version=&#8221;4.21.0&#8243; _module_preset=&#8221;f1931d05-5ec2-46f5-acba-d16894fb4134&#8243; header_font=&#8221;Candal||||||||&#8221; header_text_color=&#8221;#000000&#8243; header_font_size=&#8221;60px&#8221; header_line_height=&#8221;1.2em&#8221; custom_margin=&#8221;||16px||false|false&#8221; header_font_size_tablet=&#8221;36px&#8221; header_font_size_phone=&#8221;24px&#8221; header_font_size_last_edited=&#8221;on|phone&#8221; custom_css_main_element=&#8221;flex:0 0 100%;&#8221; locked=&#8221;off&#8221; global_colors_info=&#8221;{}&#8221;]<\/p>\n<h1>REVISI\u00d3 DE LA LITERATURA<\/h1>\n<p>[\/et_pb_text][et_pb_image src=&#8221;http:\/\/www.d-paideia.eu\/wp-content\/uploads\/2023\/05\/online-classroom-03.png&#8221; title_text=&#8221;online-classroom-03&#8243; _builder_version=&#8221;4.21.0&#8243; _module_preset=&#8221;default&#8221; custom_css_main_element=&#8221;flex:0 0 100%;&#8221; global_colors_info=&#8221;{}&#8221;][\/et_pb_image][\/et_pb_column][\/et_pb_row][et_pb_row column_structure=&#8221;1_2,1_2&#8243; _builder_version=&#8221;4.21.0&#8243; _module_preset=&#8221;default&#8221; max_width=&#8221;1200px&#8221; custom_padding=&#8221;||||true|false&#8221; hover_enabled=&#8221;0&#8243; global_colors_info=&#8221;{}&#8221; sticky_enabled=&#8221;0&#8243;][et_pb_column type=&#8221;1_2&#8243; _builder_version=&#8221;4.21.0&#8243; _module_preset=&#8221;default&#8221; hover_enabled=&#8221;0&#8243; global_colors_info=&#8221;{}&#8221; border_radii=&#8221;on|20px|20px|20px|20px&#8221; title_text=&#8221;online-classroom-22&#8243; background_image=&#8221;http:\/\/www.d-paideia.eu\/wp-content\/uploads\/2023\/05\/online-classroom-22.jpg&#8221; custom_padding=&#8221;25px|25px|25px|25px|false|false&#8221; custom_padding_last_edited=&#8221;on|phone&#8221; sticky_enabled=&#8221;0&#8243; custom_padding_phone=&#8221;|15px||15px|false|false&#8221; custom_padding_tablet=&#8221;25px|25px|25px|25px|false|false&#8221;][et_pb_text _builder_version=&#8221;4.21.0&#8243; _module_preset=&#8221;afef2bde-d413-4e1e-92fd-0a6a812a3fe9&#8243; global_colors_info=&#8221;{}&#8221; hover_enabled=&#8221;0&#8243; sticky_enabled=&#8221;0&#8243; text_text_color=&#8221;#202020&#8243; text_font=&#8221;||||||||&#8221; text_line_height=&#8221;22px&#8221; text_font_size=&#8221;16px&#8221;]<\/p>\n<p>El desenvolupament del <strong>Marc de Qualificacions de Compet\u00e8ncies Pedag\u00f2giques Digitals D-Paideia<\/strong> es basa en la revisi\u00f3 de la literatura cient\u00edfica sobre les compet\u00e8ncies digitals dels professors. Aquesta revisi\u00f3 bibliogr\u00e0fica la va dur a terme el maig de 2023 l&#8217;equip de recerca de la Universitat de Flor\u00e8ncia per identificar les necessitats pedag\u00f2giques i les compet\u00e8ncies requerides dels professors en sortir del per\u00edode de pand\u00e8mia Covid-19 i les seves conseq\u00fc\u00e8ncies educatives.<\/p>\n<p>La revisi\u00f3 bibliogr\u00e0fica consta de tres seccions, que inclouen els antecedents te\u00f2rics, la definici\u00f3 de la compet\u00e8ncia digital dels educadors i les necessitats dels professors abans i despr\u00e9s de Covid-19.<\/p>\n<p>[\/et_pb_text][et_pb_blurb image=&#8221;http:\/\/www.d-paideia.eu\/wp-content\/uploads\/2023\/08\/check-mark.png&#8221; icon_placement=&#8221;left&#8221; _builder_version=&#8221;4.21.0&#8243; _module_preset=&#8221;default&#8221; body_font=&#8221;|600|||||||&#8221; body_text_color=&#8221;#202020&#8243; body_font_size=&#8221;16px&#8221; body_line_height=&#8221;2em&#8221; animation=&#8221;off&#8221; hover_enabled=&#8221;0&#8243; body_font_size_tablet=&#8221;18px&#8221; body_font_size_phone=&#8221;14px&#8221; body_font_size_last_edited=&#8221;on|phone&#8221; global_colors_info=&#8221;{}&#8221; locked=&#8221;off&#8221; sticky_enabled=&#8221;0&#8243;]<\/p>\n<p>A la primera secci\u00f3 s&#8217;exposen els antecedents te\u00f2rics per descriure el punt de vista de la investigaci\u00f3 internacional en l&#8217;\u00e0mbit de les compet\u00e8ncies digitals dels professors.<\/p>\n<p>[\/et_pb_blurb][et_pb_blurb image=&#8221;http:\/\/www.d-paideia.eu\/wp-content\/uploads\/2023\/08\/check-mark.png&#8221; icon_placement=&#8221;left&#8221; _builder_version=&#8221;4.21.0&#8243; _module_preset=&#8221;default&#8221; body_font=&#8221;|600|||||||&#8221; body_text_color=&#8221;#202020&#8243; body_font_size=&#8221;16px&#8221; body_line_height=&#8221;2em&#8221; animation=&#8221;off&#8221; body_font_size_tablet=&#8221;18px&#8221; body_font_size_phone=&#8221;14px&#8221; body_font_size_last_edited=&#8221;on|phone&#8221; global_colors_info=&#8221;{}&#8221; locked=&#8221;off&#8221;]<\/p>\n<p>La segona secci\u00f3 pret\u00e9n comprendre com es defineix la compet\u00e8ncia digital dels educadors en diferents contextos i identificar les \u00e0rees que es podrien afegir a DigCompEdu basant-se en altres models existents.<\/p>\n<p>[\/et_pb_blurb][et_pb_blurb image=&#8221;http:\/\/www.d-paideia.eu\/wp-content\/uploads\/2023\/08\/check-mark.png&#8221; icon_placement=&#8221;left&#8221; _builder_version=&#8221;4.21.0&#8243; _module_preset=&#8221;default&#8221; body_font=&#8221;|600|||||||&#8221; body_text_color=&#8221;#202020&#8243; body_font_size=&#8221;16px&#8221; body_line_height=&#8221;2em&#8221; animation=&#8221;off&#8221; body_font_size_tablet=&#8221;18px&#8221; body_font_size_phone=&#8221;14px&#8221; body_font_size_last_edited=&#8221;on|phone&#8221; global_colors_info=&#8221;{}&#8221; locked=&#8221;off&#8221;]<\/p>\n<p>La tercera secci\u00f3 se centra en la compet\u00e8ncia digital dels professors europeus abans i despr\u00e9s de la pand\u00e8mia Covid-19 per posar en relleu les seves necessitats i expectatives educatives.<\/p>\n<p>[\/et_pb_blurb][et_pb_code _builder_version=&#8221;4.21.0&#8243; _module_preset=&#8221;default&#8221; global_colors_info=&#8221;{}&#8221;]<span style=\"font-family:'Candal'; margin-bottom:10px;\">Per a m\u00e9s informaci\u00f3, descarregueu el <\/span> <!-- [et_pb_line_break_holder] --><a href=\"http:\/\/www.d-paideia.eu\/wp-content\/uploads\/2023\/09\/Summary-T2.1-Literature-Review-WP2.pdf\" download=\"Summary-T2.1-Literature-Review-WP2.pdf\" class=\"download-link\">Literature Review<\/a><!-- [et_pb_line_break_holder] --><!-- [et_pb_line_break_holder] --><!-- [et_pb_line_break_holder] -->[\/et_pb_code][\/et_pb_column][et_pb_column type=&#8221;1_2&#8243; _builder_version=&#8221;4.21.0&#8243; _module_preset=&#8221;default&#8221; global_colors_info=&#8221;{}&#8221;][et_pb_image src=&#8221;http:\/\/www.d-paideia.eu\/wp-content\/uploads\/2023\/08\/pexels-julia-m-cameron-4144097-scaled.jpg&#8221; title_text=&#8221;pexels-julia-m-cameron-4144097&#8243; _builder_version=&#8221;4.21.0&#8243; _module_preset=&#8221;default&#8221; custom_margin=&#8221;||||false|false&#8221; border_radii=&#8221;on|20px|20px|20px|20px&#8221; box_shadow_style=&#8221;preset1&#8243; box_shadow_spread=&#8221;1px&#8221; box_shadow_color=&#8221;rgba(0,0,0,0.2)&#8221; global_colors_info=&#8221;{}&#8221; custom_css_main_element_last_edited=&#8221;off|desktop&#8221; custom_css_main_element_tablet=&#8221;flex:0 0 100%;&#8221; custom_css_main_element_phone=&#8221;flex:0 0 100%;&#8221;][\/et_pb_image][\/et_pb_column][\/et_pb_row][\/et_pb_section]<\/p>\n","protected":false},"excerpt":{"rendered":"<p>REVISI\u00d3 DE LA LITERATURAEl desenvolupament del Marc de Qualificacions de Compet\u00e8ncies Pedag\u00f2giques Digitals D-Paideia es basa en la revisi\u00f3 de la literatura cient\u00edfica sobre les compet\u00e8ncies digitals dels professors. Aquesta revisi\u00f3 bibliogr\u00e0fica la va dur a terme el maig de 2023 l&#8217;equip de recerca de la Universitat de Flor\u00e8ncia per identificar les necessitats pedag\u00f2giques i [&hellip;]<\/p>\n","protected":false},"author":1,"featured_media":0,"parent":0,"menu_order":0,"comment_status":"closed","ping_status":"closed","template":"","meta":{"_acf_changed":false,"_et_pb_use_builder":"on","_et_pb_old_content":"","_et_gb_content_width":"","footnotes":""},"class_list":["post-1578","page","type-page","status-publish","hentry"],"acf":[],"_links":{"self":[{"href":"https:\/\/www.d-paideia.eu\/ca\/wp-json\/wp\/v2\/pages\/1578","targetHints":{"allow":["GET"]}}],"collection":[{"href":"https:\/\/www.d-paideia.eu\/ca\/wp-json\/wp\/v2\/pages"}],"about":[{"href":"https:\/\/www.d-paideia.eu\/ca\/wp-json\/wp\/v2\/types\/page"}],"author":[{"embeddable":true,"href":"https:\/\/www.d-paideia.eu\/ca\/wp-json\/wp\/v2\/users\/1"}],"replies":[{"embeddable":true,"href":"https:\/\/www.d-paideia.eu\/ca\/wp-json\/wp\/v2\/comments?post=1578"}],"version-history":[{"count":0,"href":"https:\/\/www.d-paideia.eu\/ca\/wp-json\/wp\/v2\/pages\/1578\/revisions"}],"wp:attachment":[{"href":"https:\/\/www.d-paideia.eu\/ca\/wp-json\/wp\/v2\/media?parent=1578"}],"curies":[{"name":"wp","href":"https:\/\/api.w.org\/{rel}","templated":true}]}}